{"id":100,"date":"2021-02-21T18:07:52","date_gmt":"2021-02-21T17:07:52","guid":{"rendered":"http:\/\/serdart.fr\/?page_id=100"},"modified":"2021-03-22T13:48:26","modified_gmt":"2021-03-22T12:48:26","slug":"stages-de-serigraphie-en-croatie","status":"publish","type":"page","link":"https:\/\/serdart.fr\/index.php\/stages-de-serigraphie-en-croatie\/","title":{"rendered":"Stages de S\u00e9rigraphie en Croatie"},"content":{"rendered":"\n<h1 class=\"has-text-align-center wp-block-heading\"><strong>Les stages de s\u00e9rigraphie artisanale \u00e0 Kor\u010dula en Dalmatie<\/strong><\/h1>\n\n\n\n<p class=\"has-text-align-center\"><strong>Nouveau : <span style=\"color:#d00e04\" class=\"has-inline-color\"><a href=\"http:\/\/serdart.fr\/index.php\/stages-a-korcula\/\" data-type=\"URL\" data-id=\"http:\/\/serdart.fr\/index.php\/stages-a-korcula\/\">D\u00c9SORMAIS, LES STAGES SE D\u00c9ROULENT DANS MON NOUVEL ATELIER DANS LA VIEILLE VILLE DE KORCULA PR\u00c8S DU PORT. Voir ici.<\/a><\/span><\/strong><\/p>\n\n\n\n<div class=\"wp-block-image\"><figure class=\"aligncenter size-large\"><img loading=\"lazy\" decoding=\"async\" width=\"400\" height=\"300\" src=\"http:\/\/serdart.fr\/wp-content\/uploads\/2021\/02\/photoK-400x300-1.jpg\" alt=\"\" class=\"wp-image-101\" srcset=\"https:\/\/serdart.fr\/wp-content\/uploads\/2021\/02\/photoK-400x300-1.jpg 400w, https:\/\/serdart.fr\/wp-content\/uploads\/2021\/02\/photoK-400x300-1-300x225.jpg 300w\" sizes=\"(max-width: 400px) 100vw, 400px\" \/><figcaption>La vieille ville de <em><strong>Kor\u010dula<\/strong><\/em><\/figcaption><\/figure><\/div>\n\n\n\n<p><em><strong>C\u2019est&nbsp;Marko Polo&nbsp;qui a rapport\u00e9 de Chine&nbsp;en Europe le proc\u00e9d\u00e9 d\u2019impression&nbsp;\u00e0 l\u2019aide d\u2019un pochoir coll\u00e9 sur un morceau de soie qui pr\u00e9figure la s\u00e9rigraphie. Il est n\u00e9 en 1254 \u00e0 Kor\u010dula, \u00eele de Dalmatie qui fut autrefois comptoir&nbsp;v\u00e9nitien comme de nombreux ports de la M\u00e9diterran\u00e9e.<\/strong><\/em><\/p>\n\n\n\n<div class=\"wp-block-image\"><figure class=\"alignleft size-large\"><img loading=\"lazy\" decoding=\"async\" width=\"173\" height=\"252\" src=\"http:\/\/serdart.fr\/wp-content\/uploads\/2021\/02\/shapeimage_1.jpg\" alt=\"\" class=\"wp-image-104\"\/><\/figure><\/div>\n\n\n\n<figure class=\"wp-block-image size-large\"><img loading=\"lazy\" decoding=\"async\" width=\"300\" height=\"225\" src=\"http:\/\/serdart.fr\/wp-content\/uploads\/2021\/02\/IMGP6462-300x225-1.jpg\" alt=\"\" class=\"wp-image-103\"\/><\/figure>\n\n\n\n<p><\/p>\n\n\n\n<p><em><strong>La ville m\u00e9di\u00e9vale de Korcula abrite la maison de Marko Polo et un mus\u00e9e retrace les p\u00e9riples du voyageur sur la route de la soie.<\/strong><\/em><\/p>\n\n\n\n<p><strong><em>C\u2019est en visitant la maison natale de Marko Polo que l\u2019id\u00e9e m\u2019est venue d\u2019animer des stages de s\u00e9rigraphie artisanale \u00e0 Kor\u010dula. C\u2019est le lieu tout choisi pour s\u2019initier \u00e0 la s\u00e9rigraphie artisanale tout en d\u00e9couvrant un environnement encore pr\u00e9serv\u00e9, baign\u00e9 d\u2019histoire et de soleil.&nbsp;<\/em><\/strong><\/p>\n\n\n\n<div class=\"wp-block-image\"><figure class=\"aligncenter size-large\"><img loading=\"lazy\" decoding=\"async\" width=\"1024\" height=\"768\" src=\"http:\/\/serdart.fr\/wp-content\/uploads\/2021\/02\/Mon-bateau-1024x768-1.jpg\" alt=\"\" class=\"wp-image-106\" srcset=\"https:\/\/serdart.fr\/wp-content\/uploads\/2021\/02\/Mon-bateau-1024x768-1.jpg 1024w, https:\/\/serdart.fr\/wp-content\/uploads\/2021\/02\/Mon-bateau-1024x768-1-300x225.jpg 300w, https:\/\/serdart.fr\/wp-content\/uploads\/2021\/02\/Mon-bateau-1024x768-1-768x576.jpg 768w, https:\/\/serdart.fr\/wp-content\/uploads\/2021\/02\/Mon-bateau-1024x768-1-400x300.jpg 400w\" sizes=\"(max-width: 1024px) 100vw, 1024px\" \/><figcaption>Mon bateau Marko Polo 1<\/figcaption><\/figure><\/div>\n\n\n\n<p><strong><em>Les stages de s\u00e9rigraphie se d\u00e9roulent sur mon bateau au mois de juillet et ao\u00fbt. &nbsp;Les cours ont lieu le matin, sur une semaine. Embarquement \u00e0 9h et mouillage dans une crique pour les cours. Vers midi, baignade apr\u00e8s l\u2019effort et retour au port. Le prix est de 200\u20ac pour le stage de s\u00e9rigraphie artisanale de cinq jours, de 9h \u00e0 12h.<\/em><\/strong><\/p>\n\n\n\n<p><strong><em>Le voyage (en avion, bateau ou voiture) est \u00e0 la convenance et \u00e0 la charge du stagiaire. Je peux indiquer les liens vers les compagnies de transport qui desservent Kor<strong><em>\u010d<\/em><\/strong>ula.<\/em><\/strong><\/p>\n\n\n\n<p><strong><em>M\u00eame chose pour l\u2019h\u00e9bergement : chacun choisit en fonction de ses pr\u00e9f\u00e9rences et de ses possibilit\u00e9s. Je peux indiquer des adresses d\u2019appartements ou de maisons \u00e0 louer. Il y a aussi des campings et des h\u00f4tels sachant qu\u2019il faut r\u00e9server \u00e0 l\u2019avance.&nbsp;<\/em><\/strong><\/p>\n\n\n\n<div class=\"wp-block-image\"><figure class=\"aligncenter size-large\"><img loading=\"lazy\" decoding=\"async\" width=\"800\" height=\"600\" src=\"http:\/\/serdart.fr\/wp-content\/uploads\/2021\/02\/photoB.jpg\" alt=\"\" class=\"wp-image-111\" srcset=\"https:\/\/serdart.fr\/wp-content\/uploads\/2021\/02\/photoB.jpg 800w, https:\/\/serdart.fr\/wp-content\/uploads\/2021\/02\/photoB-300x225.jpg 300w, https:\/\/serdart.fr\/wp-content\/uploads\/2021\/02\/photoB-768x576.jpg 768w, https:\/\/serdart.fr\/wp-content\/uploads\/2021\/02\/photoB-400x300.jpg 400w\" sizes=\"(max-width: 800px) 100vw, 800px\" \/><figcaption><strong>Marko Polo 1 \u00e0 Kor\u010dula<\/strong><\/figcaption><\/figure><\/div>\n\n\n\n<div class=\"wp-block-image\"><figure class=\"aligncenter size-large\"><a href=\"https:\/\/www.whatsupcams.com\/fr\/webcams\/croatie\/dubrovnik-neretva-fr\/korcula-fr\/panorama-ville-korcula\/\" target=\"_blank\" rel=\"noopener noreferrer\"><img loading=\"lazy\" decoding=\"async\" width=\"1024\" height=\"640\" src=\"http:\/\/serdart.fr\/wp-content\/uploads\/2021\/02\/webcam1-1024x640-1.png\" alt=\"\" class=\"wp-image-108\" srcset=\"https:\/\/serdart.fr\/wp-content\/uploads\/2021\/02\/webcam1-1024x640-1.png 1024w, https:\/\/serdart.fr\/wp-content\/uploads\/2021\/02\/webcam1-1024x640-1-300x188.png 300w, https:\/\/serdart.fr\/wp-content\/uploads\/2021\/02\/webcam1-1024x640-1-768x480.png 768w, https:\/\/serdart.fr\/wp-content\/uploads\/2021\/02\/webcam1-1024x640-1-480x300.png 480w\" sizes=\"(max-width: 1024px) 100vw, 1024px\" \/><\/a><figcaption><strong>Cliquez sur l&#8217;image pour voir la webcam en live sur la vieille ville de Kor\u010dula<\/strong><\/figcaption><\/figure><\/div>\n\n\n\n<div class=\"wp-block-image\"><figure class=\"aligncenter size-large\"><img loading=\"lazy\" decoding=\"async\" width=\"1024\" height=\"768\" src=\"http:\/\/serdart.fr\/wp-content\/uploads\/2021\/02\/Korcula-1024x768-1.jpg\" alt=\"\" class=\"wp-image-113\" srcset=\"https:\/\/serdart.fr\/wp-content\/uploads\/2021\/02\/Korcula-1024x768-1.jpg 1024w, https:\/\/serdart.fr\/wp-content\/uploads\/2021\/02\/Korcula-1024x768-1-300x225.jpg 300w, https:\/\/serdart.fr\/wp-content\/uploads\/2021\/02\/Korcula-1024x768-1-768x576.jpg 768w, https:\/\/serdart.fr\/wp-content\/uploads\/2021\/02\/Korcula-1024x768-1-400x300.jpg 400w\" sizes=\"(max-width: 1024px) 100vw, 1024px\" \/><\/figure><\/div>\n\n\n\n<p><strong>\u201cMarko Polo 1\u201d, ancien bateau de p\u00eacheur en bois typique de l\u2019\u00eele de Kor\u010dula<\/strong> <strong>devenu atelier de s\u00e9rigraphie artisanale flottant :<\/strong><\/p>\n\n\n\n<div class=\"wp-block-image\"><figure class=\"aligncenter size-large\"><img loading=\"lazy\" decoding=\"async\" width=\"916\" height=\"682\" src=\"http:\/\/serdart.fr\/wp-content\/uploads\/2021\/02\/Marko-Polo-1-6.jpg\" alt=\"\" class=\"wp-image-116\" srcset=\"https:\/\/serdart.fr\/wp-content\/uploads\/2021\/02\/Marko-Polo-1-6.jpg 916w, https:\/\/serdart.fr\/wp-content\/uploads\/2021\/02\/Marko-Polo-1-6-300x223.jpg 300w, https:\/\/serdart.fr\/wp-content\/uploads\/2021\/02\/Marko-Polo-1-6-768x572.jpg 768w, https:\/\/serdart.fr\/wp-content\/uploads\/2021\/02\/Marko-Polo-1-6-403x300.jpg 403w\" sizes=\"(max-width: 916px) 100vw, 916px\" \/><\/figure><\/div>\n\n\n\n<div class=\"wp-block-image\"><figure class=\"aligncenter size-large\"><img loading=\"lazy\" decoding=\"async\" width=\"1024\" height=\"768\" src=\"http:\/\/serdart.fr\/wp-content\/uploads\/2021\/02\/En-route-1024x768-1.jpg\" alt=\"\" class=\"wp-image-117\" srcset=\"https:\/\/serdart.fr\/wp-content\/uploads\/2021\/02\/En-route-1024x768-1.jpg 1024w, https:\/\/serdart.fr\/wp-content\/uploads\/2021\/02\/En-route-1024x768-1-300x225.jpg 300w, https:\/\/serdart.fr\/wp-content\/uploads\/2021\/02\/En-route-1024x768-1-768x576.jpg 768w, https:\/\/serdart.fr\/wp-content\/uploads\/2021\/02\/En-route-1024x768-1-400x300.jpg 400w\" sizes=\"(max-width: 1024px) 100vw, 1024px\" \/><\/figure><\/div>\n\n\n\n<p class=\"has-text-align-center\"><strong>En route pour une crique \u00e0 bord de \u201cMarko Polo 1\u201d !<\/strong><\/p>\n\n\n\n<div class=\"wp-block-image\"><figure class=\"aligncenter size-large\"><img loading=\"lazy\" decoding=\"async\" width=\"1024\" height=\"768\" src=\"http:\/\/serdart.fr\/wp-content\/uploads\/2021\/02\/Une-crique-1024x768-1.jpg\" alt=\"\" class=\"wp-image-118\" srcset=\"https:\/\/serdart.fr\/wp-content\/uploads\/2021\/02\/Une-crique-1024x768-1.jpg 1024w, https:\/\/serdart.fr\/wp-content\/uploads\/2021\/02\/Une-crique-1024x768-1-300x225.jpg 300w, https:\/\/serdart.fr\/wp-content\/uploads\/2021\/02\/Une-crique-1024x768-1-768x576.jpg 768w, https:\/\/serdart.fr\/wp-content\/uploads\/2021\/02\/Une-crique-1024x768-1-400x300.jpg 400w\" sizes=\"(max-width: 1024px) 100vw, 1024px\" \/><\/figure><\/div>\n\n\n\n<p class=\"has-text-align-center\"><strong>Mouillage dans une crique au calme.<\/strong><\/p>\n\n\n\n<div class=\"wp-block-image\"><figure class=\"aligncenter size-large\"><img loading=\"lazy\" decoding=\"async\" width=\"1024\" height=\"768\" src=\"http:\/\/serdart.fr\/wp-content\/uploads\/2021\/02\/Dessin-sur-e\u0301crans-1024x768-1.jpg\" alt=\"\" class=\"wp-image-119\" srcset=\"https:\/\/serdart.fr\/wp-content\/uploads\/2021\/02\/Dessin-sur-e\u0301crans-1024x768-1.jpg 1024w, https:\/\/serdart.fr\/wp-content\/uploads\/2021\/02\/Dessin-sur-e\u0301crans-1024x768-1-300x225.jpg 300w, https:\/\/serdart.fr\/wp-content\/uploads\/2021\/02\/Dessin-sur-e\u0301crans-1024x768-1-768x576.jpg 768w, https:\/\/serdart.fr\/wp-content\/uploads\/2021\/02\/Dessin-sur-e\u0301crans-1024x768-1-400x300.jpg 400w\" sizes=\"(max-width: 1024px) 100vw, 1024px\" \/><\/figure><\/div>\n\n\n\n<p class=\"has-text-align-center\"><strong>Dessin sur les \u00e9crans. <\/strong><\/p>\n\n\n\n<div class=\"wp-block-image\"><figure class=\"aligncenter size-large\"><img loading=\"lazy\" decoding=\"async\" width=\"1024\" height=\"768\" src=\"http:\/\/serdart.fr\/wp-content\/uploads\/2021\/02\/Pre\u0301paration-e\u0301crans-1024x768-1.jpg\" alt=\"\" class=\"wp-image-120\" srcset=\"https:\/\/serdart.fr\/wp-content\/uploads\/2021\/02\/Pre\u0301paration-e\u0301crans-1024x768-1.jpg 1024w, https:\/\/serdart.fr\/wp-content\/uploads\/2021\/02\/Pre\u0301paration-e\u0301crans-1024x768-1-300x225.jpg 300w, https:\/\/serdart.fr\/wp-content\/uploads\/2021\/02\/Pre\u0301paration-e\u0301crans-1024x768-1-768x576.jpg 768w, https:\/\/serdart.fr\/wp-content\/uploads\/2021\/02\/Pre\u0301paration-e\u0301crans-1024x768-1-400x300.jpg 400w\" sizes=\"(max-width: 1024px) 100vw, 1024px\" \/><\/figure><\/div>\n\n\n\n<p class=\"has-text-align-center\"><strong>Pr\u00e9paration des \u00e9crans.<\/strong><\/p>\n\n\n\n<div class=\"wp-block-image\"><figure class=\"aligncenter size-large\"><img loading=\"lazy\" decoding=\"async\" width=\"1024\" height=\"768\" src=\"http:\/\/serdart.fr\/wp-content\/uploads\/2021\/02\/Enduction-e\u0301cran-1024x768-1.jpg\" alt=\"\" class=\"wp-image-121\" srcset=\"https:\/\/serdart.fr\/wp-content\/uploads\/2021\/02\/Enduction-e\u0301cran-1024x768-1.jpg 1024w, https:\/\/serdart.fr\/wp-content\/uploads\/2021\/02\/Enduction-e\u0301cran-1024x768-1-300x225.jpg 300w, https:\/\/serdart.fr\/wp-content\/uploads\/2021\/02\/Enduction-e\u0301cran-1024x768-1-768x576.jpg 768w, https:\/\/serdart.fr\/wp-content\/uploads\/2021\/02\/Enduction-e\u0301cran-1024x768-1-400x300.jpg 400w\" sizes=\"(max-width: 1024px) 100vw, 1024px\" \/><\/figure><\/div>\n\n\n\n<p class=\"has-text-align-center\"><strong>Enduction d&#8217;un \u00e9cran et prise de notes.<\/strong><\/p>\n\n\n\n<div class=\"wp-block-image\"><figure class=\"aligncenter size-large is-resized\"><img loading=\"lazy\" decoding=\"async\" src=\"http:\/\/serdart.fr\/wp-content\/uploads\/2021\/02\/De\u0301pouillement-dun-e\u0301cran-e1392636774762-768x1024-1.jpg\" alt=\"\" class=\"wp-image-122\" width=\"505\" height=\"677\"\/><\/figure><\/div>\n\n\n\n<p class=\"has-text-align-center\"><strong>D\u00e9pouillement artisanal et \u00e9cologique en circuit ferm\u00e9 d\u2019un \u00e9cran.<\/strong><\/p>\n\n\n\n<div class=\"wp-block-image\"><figure class=\"aligncenter size-large is-resized\"><img loading=\"lazy\" decoding=\"async\" src=\"http:\/\/serdart.fr\/wp-content\/uploads\/2021\/02\/Tirage-1-1024x768-1.jpg\" alt=\"\" class=\"wp-image-123\" width=\"614\" height=\"460\" srcset=\"https:\/\/serdart.fr\/wp-content\/uploads\/2021\/02\/Tirage-1-1024x768-1.jpg 1024w, https:\/\/serdart.fr\/wp-content\/uploads\/2021\/02\/Tirage-1-1024x768-1-300x225.jpg 300w, https:\/\/serdart.fr\/wp-content\/uploads\/2021\/02\/Tirage-1-1024x768-1-768x576.jpg 768w, https:\/\/serdart.fr\/wp-content\/uploads\/2021\/02\/Tirage-1-1024x768-1-400x300.jpg 400w\" sizes=\"(max-width: 614px) 100vw, 614px\" \/><\/figure><\/div>\n\n\n\n<p class=\"has-text-align-center\"><strong>Tirage sur papier, sacs en toile et T-shirts.<\/strong><\/p>\n\n\n\n<div class=\"wp-block-image\"><figure class=\"aligncenter size-large\"><img loading=\"lazy\" decoding=\"async\" width=\"1024\" height=\"768\" src=\"http:\/\/serdart.fr\/wp-content\/uploads\/2021\/02\/Tirage-2-1024x768-1.jpg\" alt=\"\" class=\"wp-image-124\" srcset=\"https:\/\/serdart.fr\/wp-content\/uploads\/2021\/02\/Tirage-2-1024x768-1.jpg 1024w, https:\/\/serdart.fr\/wp-content\/uploads\/2021\/02\/Tirage-2-1024x768-1-300x225.jpg 300w, https:\/\/serdart.fr\/wp-content\/uploads\/2021\/02\/Tirage-2-1024x768-1-768x576.jpg 768w, https:\/\/serdart.fr\/wp-content\/uploads\/2021\/02\/Tirage-2-1024x768-1-400x300.jpg 400w\" sizes=\"(max-width: 1024px) 100vw, 1024px\" \/><\/figure><\/div>\n\n\n\n<p class=\"has-text-align-center\"><strong>Et voil\u00e0 le r\u00e9sultat :<\/strong><\/p>\n\n\n\n<div class=\"wp-block-image\"><figure class=\"aligncenter size-large\"><img loading=\"lazy\" decoding=\"async\" width=\"1024\" height=\"768\" src=\"http:\/\/serdart.fr\/wp-content\/uploads\/2021\/02\/T-shirts-1024x768-1.jpg\" alt=\"\" class=\"wp-image-125\" srcset=\"https:\/\/serdart.fr\/wp-content\/uploads\/2021\/02\/T-shirts-1024x768-1.jpg 1024w, https:\/\/serdart.fr\/wp-content\/uploads\/2021\/02\/T-shirts-1024x768-1-300x225.jpg 300w, https:\/\/serdart.fr\/wp-content\/uploads\/2021\/02\/T-shirts-1024x768-1-768x576.jpg 768w, https:\/\/serdart.fr\/wp-content\/uploads\/2021\/02\/T-shirts-1024x768-1-400x300.jpg 400w\" sizes=\"(max-width: 1024px) 100vw, 1024px\" \/><\/figure><\/div>\n\n\n\n<div class=\"wp-block-image\"><figure class=\"aligncenter size-large\"><img loading=\"lazy\" decoding=\"async\" width=\"1024\" height=\"768\" src=\"http:\/\/serdart.fr\/wp-content\/uploads\/2021\/02\/Papier-1024x768-1.jpg\" alt=\"\" class=\"wp-image-126\" srcset=\"https:\/\/serdart.fr\/wp-content\/uploads\/2021\/02\/Papier-1024x768-1.jpg 1024w, https:\/\/serdart.fr\/wp-content\/uploads\/2021\/02\/Papier-1024x768-1-300x225.jpg 300w, https:\/\/serdart.fr\/wp-content\/uploads\/2021\/02\/Papier-1024x768-1-768x576.jpg 768w, https:\/\/serdart.fr\/wp-content\/uploads\/2021\/02\/Papier-1024x768-1-400x300.jpg 400w\" sizes=\"(max-width: 1024px) 100vw, 1024px\" \/><\/figure><\/div>\n\n\n\n<p class=\"has-text-align-center\"><strong>Poste de nettoyage des \u00e9crans :<\/strong><\/p>\n\n\n\n<div class=\"wp-block-image\"><figure class=\"aligncenter size-large is-resized\"><img loading=\"lazy\" decoding=\"async\" src=\"http:\/\/serdart.fr\/wp-content\/uploads\/2021\/02\/Nettoyage-des-e\u0301crans1-e1392637844416.jpg\" alt=\"\" class=\"wp-image-127\" width=\"540\" height=\"722\"\/><\/figure><\/div>\n\n\n\n<p class=\"has-text-align-center\"><strong>Apr\u00e8s l\u2019effort, la baignade :<\/strong><\/p>\n\n\n\n<div class=\"wp-block-image\"><figure class=\"aligncenter size-large\"><img loading=\"lazy\" decoding=\"async\" width=\"1024\" height=\"768\" src=\"http:\/\/serdart.fr\/wp-content\/uploads\/2021\/02\/Baignade-1-1024x768-1.jpg\" alt=\"\" class=\"wp-image-128\" srcset=\"https:\/\/serdart.fr\/wp-content\/uploads\/2021\/02\/Baignade-1-1024x768-1.jpg 1024w, https:\/\/serdart.fr\/wp-content\/uploads\/2021\/02\/Baignade-1-1024x768-1-300x225.jpg 300w, https:\/\/serdart.fr\/wp-content\/uploads\/2021\/02\/Baignade-1-1024x768-1-768x576.jpg 768w, https:\/\/serdart.fr\/wp-content\/uploads\/2021\/02\/Baignade-1-1024x768-1-400x300.jpg 400w\" sizes=\"(max-width: 1024px) 100vw, 1024px\" \/><\/figure><\/div>\n\n\n\n<p class=\"has-text-align-center\"><strong>Plouf !<\/strong><\/p>\n\n\n\n<div class=\"wp-block-image\"><figure class=\"aligncenter size-large is-resized\"><img loading=\"lazy\" decoding=\"async\" src=\"http:\/\/serdart.fr\/wp-content\/uploads\/2021\/02\/Baignade-2-1024x768-1.jpg\" alt=\"\" class=\"wp-image-129\" width=\"614\" height=\"460\" srcset=\"https:\/\/serdart.fr\/wp-content\/uploads\/2021\/02\/Baignade-2-1024x768-1.jpg 1024w, https:\/\/serdart.fr\/wp-content\/uploads\/2021\/02\/Baignade-2-1024x768-1-300x225.jpg 300w, https:\/\/serdart.fr\/wp-content\/uploads\/2021\/02\/Baignade-2-1024x768-1-768x576.jpg 768w, https:\/\/serdart.fr\/wp-content\/uploads\/2021\/02\/Baignade-2-1024x768-1-400x300.jpg 400w\" sizes=\"(max-width: 614px) 100vw, 614px\" \/><\/figure><\/div>\n\n\n\n<div class=\"wp-block-image\"><figure class=\"aligncenter size-large\"><img loading=\"lazy\" decoding=\"async\" width=\"1024\" height=\"768\" src=\"http:\/\/serdart.fr\/wp-content\/uploads\/2021\/02\/Baignade3-1024x768-1.jpg\" alt=\"\" class=\"wp-image-130\" srcset=\"https:\/\/serdart.fr\/wp-content\/uploads\/2021\/02\/Baignade3-1024x768-1.jpg 1024w, https:\/\/serdart.fr\/wp-content\/uploads\/2021\/02\/Baignade3-1024x768-1-300x225.jpg 300w, https:\/\/serdart.fr\/wp-content\/uploads\/2021\/02\/Baignade3-1024x768-1-768x576.jpg 768w, https:\/\/serdart.fr\/wp-content\/uploads\/2021\/02\/Baignade3-1024x768-1-400x300.jpg 400w\" sizes=\"(max-width: 1024px) 100vw, 1024px\" \/><\/figure><\/div>\n","protected":false},"excerpt":{"rendered":"<p>Les stages de s\u00e9rigraphie artisanale \u00e0 Kor\u010dula en Dalmatie Nouveau : D\u00c9SORMAIS, LES STAGES SE D\u00c9ROULENT DANS MON NOUVEL ATELIER DANS LA VIEILLE VILLE DE KORCULA PR\u00c8S DU PORT. Voir ici. C\u2019est&nbsp;Marko Polo&nbsp;qui a rapport\u00e9 de Chine&nbsp;en Europe le proc\u00e9d\u00e9 &hellip; <a href=\"https:\/\/serdart.fr\/index.php\/stages-de-serigraphie-en-croatie\/\">Continue reading <span class=\"meta-nav\">&rarr;<\/span><\/a><\/p>\n","protected":false},"author":1,"featured_media":0,"parent":0,"menu_order":0,"comment_status":"closed","ping_status":"closed","template":"","meta":{"footnotes":""},"_links":{"self":[{"href":"https:\/\/serdart.fr\/index.php\/wp-json\/wp\/v2\/pages\/100"}],"collection":[{"href":"https:\/\/serdart.fr\/index.php\/wp-json\/wp\/v2\/pages"}],"about":[{"href":"https:\/\/serdart.fr\/index.php\/wp-json\/wp\/v2\/types\/page"}],"author":[{"embeddable":true,"href":"https:\/\/serdart.fr\/index.php\/wp-json\/wp\/v2\/users\/1"}],"replies":[{"embeddable":true,"href":"https:\/\/serdart.fr\/index.php\/wp-json\/wp\/v2\/comments?post=100"}],"version-history":[{"count":11,"href":"https:\/\/serdart.fr\/index.php\/wp-json\/wp\/v2\/pages\/100\/revisions"}],"predecessor-version":[{"id":175,"href":"https:\/\/serdart.fr\/index.php\/wp-json\/wp\/v2\/pages\/100\/revisions\/175"}],"wp:attachment":[{"href":"https:\/\/serdart.fr\/index.php\/wp-json\/wp\/v2\/media?parent=100"}],"curies":[{"name":"wp","href":"https:\/\/api.w.org\/{rel}","templated":true}]}}