{"id":148,"date":"2021-03-20T23:47:23","date_gmt":"2021-03-20T22:47:23","guid":{"rendered":"http:\/\/serdart.fr\/?page_id=148"},"modified":"2024-05-10T21:30:12","modified_gmt":"2024-05-10T19:30:12","slug":"stages-a-korcula","status":"publish","type":"page","link":"https:\/\/serdart.fr\/index.php\/stages-a-korcula\/","title":{"rendered":"Stages \u00e0 l&#8217;atelier de Kor\u010dula"},"content":{"rendered":"\n<p><em><strong>Les stages de s\u00e9rigraphie artisanale se d\u00e9roulent dans mon atelier tout pr\u00e8s du port, en face du mus\u00e9e Marko Polo.<\/strong><\/em><\/p>\n\n\n\n<figure class=\"wp-block-image size-large\"><img loading=\"lazy\" decoding=\"async\" width=\"1000\" height=\"692\" src=\"http:\/\/serdart.fr\/wp-content\/uploads\/2021\/03\/Atelier.jpg\" alt=\"\" class=\"wp-image-149\" srcset=\"https:\/\/serdart.fr\/wp-content\/uploads\/2021\/03\/Atelier.jpg 1000w, https:\/\/serdart.fr\/wp-content\/uploads\/2021\/03\/Atelier-300x208.jpg 300w, https:\/\/serdart.fr\/wp-content\/uploads\/2021\/03\/Atelier-768x531.jpg 768w, https:\/\/serdart.fr\/wp-content\/uploads\/2021\/03\/Atelier-434x300.jpg 434w\" sizes=\"(max-width: 1000px) 100vw, 1000px\" \/><\/figure>\n\n\n\n<p><strong><em>Dur\u00e9e : une semaine du lundi au vendredi matin de 9h \u00e0 12h par petits groupes de 4 stagiaires en juillet et ao\u00fbt 2024. Me contacter pour r\u00e9server.<br>Prix : 200 euros pour la semaine. Le mat\u00e9riel est fourni.<\/em><\/strong><\/p>\n\n\n\n<p><strong>Adresse :  Ulica Plokata 22 &#8211; Kor\u010dula<br>+33 6 33 44 38 47 &#8211; <a href=\"mailto:nick@serdart.fr\" target=\"_blank\" rel=\"noreferrer noopener\">nick@serdart.fr<\/a><\/strong><\/p>\n\n\n\n<p><strong>voir mon site ici :<\/strong> <strong><a rel=\"noreferrer noopener\" href=\"https:\/\/serdart.eu\/\" data-type=\"URL\" data-id=\"https:\/\/serdart.eu\/\" target=\"_blank\">serdart.eu<\/a><\/strong><\/p>\n\n\n\n<p><strong>Stage d\u2019\u00e9t\u00e9 dans l\u2019atelier \u00e0 Kor\u010dula :<\/strong><\/p>\n\n\n<div class=\"wp-block-image\">\n<figure class=\"aligncenter size-large\"><img loading=\"lazy\" decoding=\"async\" width=\"1024\" height=\"768\" src=\"http:\/\/serdart.fr\/wp-content\/uploads\/2021\/03\/IMG_9491-1024x768-1.jpg\" alt=\"\" class=\"wp-image-153\" srcset=\"https:\/\/serdart.fr\/wp-content\/uploads\/2021\/03\/IMG_9491-1024x768-1.jpg 1024w, https:\/\/serdart.fr\/wp-content\/uploads\/2021\/03\/IMG_9491-1024x768-1-300x225.jpg 300w, https:\/\/serdart.fr\/wp-content\/uploads\/2021\/03\/IMG_9491-1024x768-1-768x576.jpg 768w, https:\/\/serdart.fr\/wp-content\/uploads\/2021\/03\/IMG_9491-1024x768-1-400x300.jpg 400w\" sizes=\"(max-width: 1024px) 100vw, 1024px\" \/><\/figure><\/div>","protected":false},"excerpt":{"rendered":"<p>Les stages de s\u00e9rigraphie artisanale se d\u00e9roulent dans mon atelier tout pr\u00e8s du port, en face du mus\u00e9e Marko Polo. Dur\u00e9e : une semaine du lundi au vendredi matin de 9h \u00e0 12h par petits groupes de 4 stagiaires en &hellip; <a href=\"https:\/\/serdart.fr\/index.php\/stages-a-korcula\/\">Continue reading <span class=\"meta-nav\">&rarr;<\/span><\/a><\/p>\n","protected":false},"author":1,"featured_media":0,"parent":0,"menu_order":0,"comment_status":"closed","ping_status":"closed","template":"","meta":{"footnotes":""},"_links":{"self":[{"href":"https:\/\/serdart.fr\/index.php\/wp-json\/wp\/v2\/pages\/148"}],"collection":[{"href":"https:\/\/serdart.fr\/index.php\/wp-json\/wp\/v2\/pages"}],"about":[{"href":"https:\/\/serdart.fr\/index.php\/wp-json\/wp\/v2\/types\/page"}],"author":[{"embeddable":true,"href":"https:\/\/serdart.fr\/index.php\/wp-json\/wp\/v2\/users\/1"}],"replies":[{"embeddable":true,"href":"https:\/\/serdart.fr\/index.php\/wp-json\/wp\/v2\/comments?post=148"}],"version-history":[{"count":19,"href":"https:\/\/serdart.fr\/index.php\/wp-json\/wp\/v2\/pages\/148\/revisions"}],"predecessor-version":[{"id":361,"href":"https:\/\/serdart.fr\/index.php\/wp-json\/wp\/v2\/pages\/148\/revisions\/361"}],"wp:attachment":[{"href":"https:\/\/serdart.fr\/index.php\/wp-json\/wp\/v2\/media?parent=148"}],"curies":[{"name":"wp","href":"https:\/\/api.w.org\/{rel}","templated":true}]}}