{"id":15,"date":"2021-02-18T21:47:02","date_gmt":"2021-02-18T20:47:02","guid":{"rendered":"http:\/\/serdart.fr\/?page_id=15"},"modified":"2023-03-15T19:30:43","modified_gmt":"2023-03-15T18:30:43","slug":"serigraphie-artisanale","status":"publish","type":"page","link":"https:\/\/serdart.fr\/","title":{"rendered":"La S\u00e9rigraphie Artisanale"},"content":{"rendered":"\n<div class=\"wp-block-image\"><figure class=\"alignleft size-large is-resized\"><img loading=\"lazy\" decoding=\"async\" src=\"http:\/\/serdart.fr\/wp-content\/uploads\/2021\/02\/74-1-150x150-1.jpg\" alt=\"\" class=\"wp-image-76\" width=\"173\" height=\"171\"\/><\/figure><\/div>\n\n\n\n<p class=\"has-text-align-left\"><em><strong>Le mot s\u00e9rigraphie vient du&nbsp;mot latin sericus (soie) et du grec graphein (\u00e9crire, dessiner). Si le mot a \u00e9t\u00e9 invent\u00e9 au 20e si\u00e8cle, le proc\u00e9d\u00e9 lui, date de 2700 ans. Il nous vient des Chinois qui utilisaient la technique du pochoir coll\u00e9 sur un morceau de soie pour la d\u00e9coration des \u00e9toffes et l\u2019\u00e9criture des proverbes sur papier. C\u2019est Marko Polo qui a eu connaissance de ce proc\u00e9d\u00e9 d\u2019impression lors des dix-sept ann\u00e9es qu\u2019il a pass\u00e9es \u00e0 la cour imp\u00e9riale de Chine et qui l\u2019a rapport\u00e9 en Europe avec plein d\u2019autres choses dans ses bagages (la poudre, les p\u00e2tes, la boussole, la cr\u00e8me glac\u00e9e\u2026). Les tisserands de la r\u00e9gion lyonnaise ont adopt\u00e9 et d\u00e9velopp\u00e9 ce savoir faire pour d\u00e9corer les soies et les \u00e9toffes pendant plusieurs si\u00e8cles. On appelait d\u2019ailleurs cette technique \u201cl\u2019impression \u00e0 la lyonnaise\u201d. Le proc\u00e9d\u00e9 est toujours utilis\u00e9 de nos jours.<\/strong><\/em><\/p>\n\n\n\n<div class=\"wp-block-image\"><figure class=\"alignright size-large\"><img loading=\"lazy\" decoding=\"async\" width=\"150\" height=\"150\" src=\"http:\/\/serdart.fr\/wp-content\/uploads\/2021\/02\/IMGP2362-150x150-1.jpg\" alt=\"\" class=\"wp-image-79\"\/><\/figure><\/div>\n\n\n\n<div class=\"wp-block-group\"><div class=\"wp-block-group__inner-container is-layout-flow wp-block-group-is-layout-flow\">\n<p><em><strong>L\u2019engouement pour la s\u00e9rigraphie comme moyen d\u2019expression artistique dans les&nbsp;ann\u00e9es&nbsp;70 s\u2019explique par le fait que les artistes de cette \u00e9poque comme Andy Warhol ou Victor Vasarely qui cherchaient \u00e0 obtenir des aplats de couleur tr\u00e8s forts ont trouv\u00e9 dans la s\u00e9rigraphie une technique et un mode d\u2019expression mieux adapt\u00e9 \u00e0 leurs aspirations que la lithographie ou la gravure.<\/strong><\/em><\/p>\n<\/div><\/div>\n\n\n\n<div class=\"wp-block-image\"><figure class=\"alignleft size-large\"><img loading=\"lazy\" decoding=\"async\" width=\"150\" height=\"150\" src=\"http:\/\/serdart.fr\/wp-content\/uploads\/2021\/02\/IMGP2375-150x150-1.jpg\" alt=\"\" class=\"wp-image-78\"\/><\/figure><\/div>\n\n\n\n<p><em><strong>Le proc\u00e9d\u00e9 s\u00e9rigraphique&nbsp;a aussi \u00e9t\u00e9 totalement m\u00e9canis\u00e9 pour une application industrielle. On utilise alors des machines pour des tirages en tr\u00e8s grand nombre pour marquer tous les objets qui nous entourent, du pot de yaourt aux v\u00eatements en passant par les panneaux de signalisation et les autocollants. Mais c\u2019est un autre m\u00e9tier\u2026<\/strong><\/em><\/p>\n\n\n\n<p><em><strong>Mon id\u00e9e est de pr\u00e9server et de transmettre des techniques artisanales et enti\u00e8rement manuelles qui consistent \u00e0 appliquer \u00e0 travers un cadre tendu de soie (actuellement du nylon ou du polyester), sur une feuille de papier ou un T-shirt, le motif de son choix que l\u2019on a dessin\u00e9 soi-m\u00eame sur l\u2019\u00e9cran. C\u2019est pourquoi j\u2019anime des stages de s\u00e9rigraphie artisanale dans mon atelier \u00e0 Paris et l&#8217;\u00e9t\u00e9 sur l&#8217;\u00eele de <strong>Kor\u010dula<\/strong> en Croatie.<\/strong><\/em><\/p>\n\n\n\n<div class=\"wp-block-image\"><figure class=\"alignright size-large\"><img loading=\"lazy\" decoding=\"async\" width=\"206\" height=\"155\" src=\"http:\/\/serdart.fr\/wp-content\/uploads\/2021\/02\/IMGP2381-filtered.jpg\" alt=\"\" class=\"wp-image-77\"\/><\/figure><\/div>\n\n\n\n<p class=\"has-text-align-left\"><em><strong>Pour la s\u00e9rigraphie artisanale il suffit d\u2019un \u00e9cran&nbsp;(cadre tendu de soie), d\u2019un pinceau, d\u2019une raclette, d\u2019un produit bouche pores et de peinture. Le principe est celui d\u2019un pochoir am\u00e9lior\u00e9 puisqu\u2019il s\u2019agit de boucher les mailles sur les parties de la soie que l\u2019on ne souhaite pas voir appara\u00eetre. Ceci peut s\u2019effectuer de diff\u00e9rentes fa\u00e7ons selon le rendu que l\u2019on veut obtenir. La raclette est un objet en bois et caoutchouc que l\u2019on utilise pour forcer la peinture \u00e0 traverser l\u2019\u00e9cran de soie et se d\u00e9poser sur le support choisi. Ce proc\u00e9d\u00e9 permet d\u2019obtenir un dessin en plusieurs exemplaires, en une ou plusieurs couleurs et sur toutes sortes de supports : papier, tissu, plastique, verre, m\u00e9tal, etc.<\/strong><\/em><\/p>\n\n\n\n<p><em><strong>J\u2019ai d\u00e9couvert la s\u00e9rigraphie et j\u2019en ai appris les bases pendant mes \u00e9tudes de peinture \u00e0 l\u2019\u00e9cole des Beaux Arts de Paris et j\u2019ai imm\u00e9diatement adopt\u00e9 cette technique car elle correspondait bien \u00e0 mon travail artistique. Au fil des ann\u00e9es, j\u2019ai d\u00e9velopp\u00e9 d\u2019autres fa\u00e7ons de confectionner des \u00e9crans en fonction du motif et pour obtenir des effets diff\u00e9rents.<\/strong><\/em><\/p>\n\n\n\n<p><em><strong>Je pr\u00e9pare aussi bien entendu les \u00e9crans avec le proc\u00e9d\u00e9 photochimique d\u2019insolation et de d\u00e9pouillement pour des demandes sp\u00e9cifiques. Dans ce cas l\u00e0 l\u2019image est travaill\u00e9e \u00e0 l\u2019ordinateur et flash\u00e9e sur un transparent appel\u00e9 typon puis insol\u00e9e sur l\u2019\u00e9cran. Cette technique se fait sans aucune intervention manuelle. Il suffit d\u2019acheter une flasheuse et un ch\u00e2ssis d\u2019insolation et d\u2019appuyer sur un bouton. Ce mat\u00e9riel est cher et r\u00e9serv\u00e9 aux professionnels qui sont d\u00e9j\u00e0 \u00e9tablis dans le m\u00e9tier.&nbsp;Par contre, le seul proc\u00e9d\u00e9 reconnu pour les tirages d\u2019art, num\u00e9rot\u00e9s et sign\u00e9s est le tirage manuel (passage de la raclette sur l\u2019\u00e9cran pour faire passer l\u2019encre).<\/strong><\/em><\/p>\n","protected":false},"excerpt":{"rendered":"<p>Le mot s\u00e9rigraphie vient du&nbsp;mot latin sericus (soie) et du grec graphein (\u00e9crire, dessiner). Si le mot a \u00e9t\u00e9 invent\u00e9 au 20e si\u00e8cle, le proc\u00e9d\u00e9 lui, date de 2700 ans. Il nous vient des Chinois qui utilisaient la technique du &hellip; <a href=\"https:\/\/serdart.fr\/\">Continue reading <span class=\"meta-nav\">&rarr;<\/span><\/a><\/p>\n","protected":false},"author":1,"featured_media":0,"parent":0,"menu_order":0,"comment_status":"closed","ping_status":"closed","template":"","meta":{"footnotes":""},"_links":{"self":[{"href":"https:\/\/serdart.fr\/index.php\/wp-json\/wp\/v2\/pages\/15"}],"collection":[{"href":"https:\/\/serdart.fr\/index.php\/wp-json\/wp\/v2\/pages"}],"about":[{"href":"https:\/\/serdart.fr\/index.php\/wp-json\/wp\/v2\/types\/page"}],"author":[{"embeddable":true,"href":"https:\/\/serdart.fr\/index.php\/wp-json\/wp\/v2\/users\/1"}],"replies":[{"embeddable":true,"href":"https:\/\/serdart.fr\/index.php\/wp-json\/wp\/v2\/comments?post=15"}],"version-history":[{"count":5,"href":"https:\/\/serdart.fr\/index.php\/wp-json\/wp\/v2\/pages\/15\/revisions"}],"predecessor-version":[{"id":329,"href":"https:\/\/serdart.fr\/index.php\/wp-json\/wp\/v2\/pages\/15\/revisions\/329"}],"wp:attachment":[{"href":"https:\/\/serdart.fr\/index.php\/wp-json\/wp\/v2\/media?parent=15"}],"curies":[{"name":"wp","href":"https:\/\/api.w.org\/{rel}","templated":true}]}}