{"id":2,"date":"2021-02-18T21:00:20","date_gmt":"2021-02-18T20:00:20","guid":{"rendered":"http:\/\/serdart.fr\/?page_id=2"},"modified":"2023-06-08T18:02:24","modified_gmt":"2023-06-08T16:02:24","slug":"atelier-serigraphie","status":"publish","type":"page","link":"https:\/\/serdart.fr\/index.php\/atelier-serigraphie\/","title":{"rendered":"L&#8217;atelier de s\u00e9rigraphie"},"content":{"rendered":"\n<h2 class=\"wp-block-heading\"><strong><em>Il y a une trentaine d\u2019ann\u00e9es j\u2019ai install\u00e9 mon atelier d\u2019artiste au 17 rue La Vieuville, une rue pittoresque de Montmartre \u00e0 Paris. L\u2019atelier donne sur la rue ce qui me permet de faire conna\u00eetre mon travail aux gens de passage : peinture, s\u00e9rigraphie d\u2019art, T-shirts, tamigraphie.<\/em><\/strong><\/h2>\n\n\n\n<h2 class=\"wp-block-heading\"><em><strong>&nbsp;&nbsp;&nbsp; J\u2019organise \u00e9galement dans mon atelier des stages de s\u00e9rigraphie artisanale et de tamigraphie. Aucune machine n\u2019est utilis\u00e9e. Depuis le dessin, la pr\u00e9paration de pochoirs et le tirage (passage de la raclette sur l\u2019\u00e9cran), tout est enti\u00e8rement fait \u00e0 la main. Les encres utilis\u00e9es sur le papier, la toile, le tissu etc, et tous les autres produits sont non nocifs et enti\u00e8rement biod\u00e9gradables.<\/strong><\/em><\/h2>\n\n\n<div class=\"wp-block-image\">\n<figure class=\"aligncenter size-large is-resized\"><img loading=\"lazy\" decoding=\"async\" src=\"http:\/\/serdart.fr\/wp-content\/uploads\/2021\/02\/atelier-serdart-768x556-1.jpg\" alt=\"\" class=\"wp-image-10\" width=\"554\" height=\"401\" srcset=\"https:\/\/serdart.fr\/wp-content\/uploads\/2021\/02\/atelier-serdart-768x556-1.jpg 768w, https:\/\/serdart.fr\/wp-content\/uploads\/2021\/02\/atelier-serdart-768x556-1-300x217.jpg 300w, https:\/\/serdart.fr\/wp-content\/uploads\/2021\/02\/atelier-serdart-768x556-1-414x300.jpg 414w\" sizes=\"(max-width: 554px) 100vw, 554px\" \/><figcaption class=\"wp-element-caption\">Atelier Serd&#8217;Art<\/figcaption><\/figure><\/div>\n\n\n<ul>\n<li><strong><a href=\"http:\/\/serdart.fr\/index.php\/contact-plan\/\" data-type=\"URL\" data-id=\"http:\/\/serdart.fr\/index.php\/contact-plan\/\">Page contact et plan pour me trouver ici.<\/a><\/strong><\/li>\n<\/ul>\n\n\n\n<ul>\n<li><strong>On en parle sur le net :<\/strong><\/li>\n<\/ul>\n\n\n\n<h2 class=\"wp-block-heading\"><a rel=\"noreferrer noopener\" href=\"https:\/\/amessensibles.fr\/index.php\/2019\/03\/25\/serigraphie-artisanale-dans-latelier-de-nikolas-serdar\/\" target=\"_blank\">S\u00e9rigraphie artisanale dans l\u2019atelier de Nikolas Serdar&nbsp;<\/a><\/h2>\n\n\n\n<h2 class=\"wp-block-heading\"><strong><a href=\"https:\/\/www.lebonbon.fr\/paris\/societe\/la-serigraphie-de-nikolas-serdar\/\" target=\"_blank\" rel=\"noreferrer noopener\">Nikolas Serdar, le dernier artisan s\u00e9rigraphe de Paris<\/a><\/strong><\/h2>\n\n\n\n<h2 class=\"wp-block-heading\"><strong><a href=\"https:\/\/fr-fr.facebook.com\/studio1316\/posts\/443096835748708\" target=\"_blank\" rel=\"noreferrer noopener\">Studio 13\/16 \u2013 Merci \u00e0 l\u2019Atelier Nikolas Serdar pour sa\u2026 | Facebook<\/a><\/strong><\/h2>\n\n\n\n<h2 class=\"wp-block-heading\"><\/h2>\n\n\n\n<p><a href=\"https:\/\/sandrasmadja.blogspot.com\/2017\/03\/lenfance-de-lart.html\" target=\"_blank\" rel=\"noreferrer noopener\"><strong>L\u2019enfance de l\u2019art \u2013 stage de s\u00e9rigraphie, par Sandra Smadja<\/strong><\/a><\/p>\n\n\n\n<p><strong><a href=\"https:\/\/melaniebillaud.com\/2013\/11\/03\/latelier-de-serigraphie-de-nikolas-serdar\/#more-302\" target=\"_blank\" rel=\"noreferrer noopener\">L&#8217;atelier de Nikolas Serdar<\/a><\/strong><\/p>\n","protected":false},"excerpt":{"rendered":"<p>Il y a une trentaine d\u2019ann\u00e9es j\u2019ai install\u00e9 mon atelier d\u2019artiste au 17 rue La Vieuville, une rue pittoresque de Montmartre \u00e0 Paris. L\u2019atelier donne sur la rue ce qui me permet de faire conna\u00eetre mon travail aux gens de &hellip; <a href=\"https:\/\/serdart.fr\/index.php\/atelier-serigraphie\/\">Continue reading <span class=\"meta-nav\">&rarr;<\/span><\/a><\/p>\n","protected":false},"author":1,"featured_media":10,"parent":0,"menu_order":0,"comment_status":"closed","ping_status":"closed","template":"","meta":{"footnotes":""},"_links":{"self":[{"href":"https:\/\/serdart.fr\/index.php\/wp-json\/wp\/v2\/pages\/2"}],"collection":[{"href":"https:\/\/serdart.fr\/index.php\/wp-json\/wp\/v2\/pages"}],"about":[{"href":"https:\/\/serdart.fr\/index.php\/wp-json\/wp\/v2\/types\/page"}],"author":[{"embeddable":true,"href":"https:\/\/serdart.fr\/index.php\/wp-json\/wp\/v2\/users\/1"}],"replies":[{"embeddable":true,"href":"https:\/\/serdart.fr\/index.php\/wp-json\/wp\/v2\/comments?post=2"}],"version-history":[{"count":12,"href":"https:\/\/serdart.fr\/index.php\/wp-json\/wp\/v2\/pages\/2\/revisions"}],"predecessor-version":[{"id":346,"href":"https:\/\/serdart.fr\/index.php\/wp-json\/wp\/v2\/pages\/2\/revisions\/346"}],"wp:featuredmedia":[{"embeddable":true,"href":"https:\/\/serdart.fr\/index.php\/wp-json\/wp\/v2\/media\/10"}],"wp:attachment":[{"href":"https:\/\/serdart.fr\/index.php\/wp-json\/wp\/v2\/media?parent=2"}],"curies":[{"name":"wp","href":"https:\/\/api.w.org\/{rel}","templated":true}]}}