{"id":259,"date":"2022-08-10T22:35:41","date_gmt":"2022-08-10T20:35:41","guid":{"rendered":"http:\/\/serdart.fr\/?page_id=259"},"modified":"2023-03-15T20:10:54","modified_gmt":"2023-03-15T19:10:54","slug":"galerie","status":"publish","type":"page","link":"https:\/\/serdart.fr\/index.php\/galerie\/","title":{"rendered":"Galerie"},"content":{"rendered":"\n<p class=\"has-text-align-center\">S\u00e9rigraphies originales tir\u00e9es \u00e0 la main num\u00e9rot\u00e9es et sign\u00e9es par l&#8217;artiste. <\/p>\n\n\n\n<figure class=\"wp-block-gallery columns-3 is-cropped wp-block-gallery-1 is-layout-flex wp-block-gallery-is-layout-flex\"><ul class=\"blocks-gallery-grid\"><li class=\"blocks-gallery-item\"><figure><img loading=\"lazy\" decoding=\"async\" width=\"1024\" height=\"768\" src=\"http:\/\/serdart.fr\/wp-content\/uploads\/2022\/08\/IMG_3478-2-1024x768.jpg\" alt=\"\" data-id=\"261\" data-full-url=\"http:\/\/serdart.fr\/wp-content\/uploads\/2022\/08\/IMG_3478-2-scaled.jpg\" data-link=\"http:\/\/serdart.fr\/?attachment_id=261\" class=\"wp-image-261\" srcset=\"https:\/\/serdart.fr\/wp-content\/uploads\/2022\/08\/IMG_3478-2-1024x768.jpg 1024w, https:\/\/serdart.fr\/wp-content\/uploads\/2022\/08\/IMG_3478-2-300x225.jpg 300w, https:\/\/serdart.fr\/wp-content\/uploads\/2022\/08\/IMG_3478-2-768x576.jpg 768w, https:\/\/serdart.fr\/wp-content\/uploads\/2022\/08\/IMG_3478-2-1536x1152.jpg 1536w, https:\/\/serdart.fr\/wp-content\/uploads\/2022\/08\/IMG_3478-2-2048x1536.jpg 2048w, https:\/\/serdart.fr\/wp-content\/uploads\/2022\/08\/IMG_3478-2-400x300.jpg 400w\" sizes=\"(max-width: 1024px) 100vw, 1024px\" \/><figcaption class=\"blocks-gallery-item__caption\">Screen 2<\/figcaption><\/figure><\/li><li class=\"blocks-gallery-item\"><figure><img loading=\"lazy\" decoding=\"async\" width=\"1024\" height=\"779\" src=\"http:\/\/serdart.fr\/wp-content\/uploads\/2022\/08\/IMG_3473-2-1024x779.jpg\" alt=\"\" data-id=\"260\" data-full-url=\"http:\/\/serdart.fr\/wp-content\/uploads\/2022\/08\/IMG_3473-2-scaled.jpg\" data-link=\"http:\/\/serdart.fr\/?attachment_id=260\" class=\"wp-image-260\" srcset=\"https:\/\/serdart.fr\/wp-content\/uploads\/2022\/08\/IMG_3473-2-1024x779.jpg 1024w, https:\/\/serdart.fr\/wp-content\/uploads\/2022\/08\/IMG_3473-2-300x228.jpg 300w, https:\/\/serdart.fr\/wp-content\/uploads\/2022\/08\/IMG_3473-2-768x584.jpg 768w, https:\/\/serdart.fr\/wp-content\/uploads\/2022\/08\/IMG_3473-2-1536x1168.jpg 1536w, https:\/\/serdart.fr\/wp-content\/uploads\/2022\/08\/IMG_3473-2-2048x1558.jpg 2048w, https:\/\/serdart.fr\/wp-content\/uploads\/2022\/08\/IMG_3473-2-394x300.jpg 394w\" sizes=\"(max-width: 1024px) 100vw, 1024px\" \/><figcaption class=\"blocks-gallery-item__caption\">Anneau de Moebius<\/figcaption><\/figure><\/li><li class=\"blocks-gallery-item\"><figure><img loading=\"lazy\" decoding=\"async\" width=\"1024\" height=\"768\" src=\"http:\/\/serdart.fr\/wp-content\/uploads\/2022\/08\/IMG_3485-1024x768.jpg\" alt=\"\" data-id=\"255\" data-full-url=\"http:\/\/serdart.fr\/wp-content\/uploads\/2022\/08\/IMG_3485-scaled.jpg\" data-link=\"http:\/\/serdart.fr\/index.php\/optical-art\/img_3485\/\" class=\"wp-image-255\" srcset=\"https:\/\/serdart.fr\/wp-content\/uploads\/2022\/08\/IMG_3485-1024x768.jpg 1024w, https:\/\/serdart.fr\/wp-content\/uploads\/2022\/08\/IMG_3485-300x225.jpg 300w, https:\/\/serdart.fr\/wp-content\/uploads\/2022\/08\/IMG_3485-768x576.jpg 768w, https:\/\/serdart.fr\/wp-content\/uploads\/2022\/08\/IMG_3485-1536x1152.jpg 1536w, https:\/\/serdart.fr\/wp-content\/uploads\/2022\/08\/IMG_3485-2048x1536.jpg 2048w, https:\/\/serdart.fr\/wp-content\/uploads\/2022\/08\/IMG_3485-400x300.jpg 400w\" sizes=\"(max-width: 1024px) 100vw, 1024px\" \/><figcaption class=\"blocks-gallery-item__caption\">kinetik Love 3<\/figcaption><\/figure><\/li><li class=\"blocks-gallery-item\"><figure><img loading=\"lazy\" decoding=\"async\" width=\"1024\" height=\"768\" src=\"http:\/\/serdart.fr\/wp-content\/uploads\/2022\/08\/IMG_3482-1024x768.jpg\" alt=\"\" data-id=\"251\" data-full-url=\"http:\/\/serdart.fr\/wp-content\/uploads\/2022\/08\/IMG_3482-scaled.jpg\" data-link=\"http:\/\/serdart.fr\/index.php\/optical-art\/img_3482\/\" class=\"wp-image-251\" srcset=\"https:\/\/serdart.fr\/wp-content\/uploads\/2022\/08\/IMG_3482-1024x768.jpg 1024w, https:\/\/serdart.fr\/wp-content\/uploads\/2022\/08\/IMG_3482-300x225.jpg 300w, https:\/\/serdart.fr\/wp-content\/uploads\/2022\/08\/IMG_3482-768x576.jpg 768w, https:\/\/serdart.fr\/wp-content\/uploads\/2022\/08\/IMG_3482-1536x1152.jpg 1536w, https:\/\/serdart.fr\/wp-content\/uploads\/2022\/08\/IMG_3482-2048x1536.jpg 2048w, https:\/\/serdart.fr\/wp-content\/uploads\/2022\/08\/IMG_3482-400x300.jpg 400w\" sizes=\"(max-width: 1024px) 100vw, 1024px\" \/><figcaption class=\"blocks-gallery-item__caption\">Piedestal<\/figcaption><\/figure><\/li><li class=\"blocks-gallery-item\"><figure><img loading=\"lazy\" decoding=\"async\" width=\"1024\" height=\"768\" src=\"http:\/\/serdart.fr\/wp-content\/uploads\/2022\/08\/IMG_3495-1024x768.jpg\" alt=\"\" data-id=\"256\" data-full-url=\"http:\/\/serdart.fr\/wp-content\/uploads\/2022\/08\/IMG_3495-scaled.jpg\" data-link=\"http:\/\/serdart.fr\/index.php\/optical-art\/img_3495\/\" class=\"wp-image-256\" srcset=\"https:\/\/serdart.fr\/wp-content\/uploads\/2022\/08\/IMG_3495-1024x768.jpg 1024w, https:\/\/serdart.fr\/wp-content\/uploads\/2022\/08\/IMG_3495-300x225.jpg 300w, https:\/\/serdart.fr\/wp-content\/uploads\/2022\/08\/IMG_3495-768x576.jpg 768w, https:\/\/serdart.fr\/wp-content\/uploads\/2022\/08\/IMG_3495-1536x1152.jpg 1536w, https:\/\/serdart.fr\/wp-content\/uploads\/2022\/08\/IMG_3495-2048x1536.jpg 2048w, https:\/\/serdart.fr\/wp-content\/uploads\/2022\/08\/IMG_3495-400x300.jpg 400w\" sizes=\"(max-width: 1024px) 100vw, 1024px\" \/><figcaption class=\"blocks-gallery-item__caption\">Cigra<\/figcaption><\/figure><\/li><\/ul><\/figure>\n\n\n\n<figure class=\"wp-block-gallery columns-2 is-cropped wp-block-gallery-2 is-layout-flex wp-block-gallery-is-layout-flex\"><ul class=\"blocks-gallery-grid\"><li class=\"blocks-gallery-item\"><figure><img loading=\"lazy\" decoding=\"async\" width=\"1024\" height=\"768\" src=\"http:\/\/serdart.fr\/wp-content\/uploads\/2022\/08\/IMG_3504-1024x768.jpg\" alt=\"\" data-id=\"271\" data-link=\"http:\/\/serdart.fr\/index.php\/galerie\/img_3504\/\" class=\"wp-image-271\" srcset=\"https:\/\/serdart.fr\/wp-content\/uploads\/2022\/08\/IMG_3504-1024x768.jpg 1024w, https:\/\/serdart.fr\/wp-content\/uploads\/2022\/08\/IMG_3504-300x225.jpg 300w, https:\/\/serdart.fr\/wp-content\/uploads\/2022\/08\/IMG_3504-768x576.jpg 768w, https:\/\/serdart.fr\/wp-content\/uploads\/2022\/08\/IMG_3504-1536x1152.jpg 1536w, https:\/\/serdart.fr\/wp-content\/uploads\/2022\/08\/IMG_3504-2048x1536.jpg 2048w, https:\/\/serdart.fr\/wp-content\/uploads\/2022\/08\/IMG_3504-400x300.jpg 400w\" sizes=\"(max-width: 1024px) 100vw, 1024px\" \/><figcaption class=\"blocks-gallery-item__caption\">69<\/figcaption><\/figure><\/li><li class=\"blocks-gallery-item\"><figure><img loading=\"lazy\" decoding=\"async\" width=\"1024\" height=\"768\" src=\"http:\/\/serdart.fr\/wp-content\/uploads\/2022\/08\/IMG_3500-1024x768.jpg\" alt=\"\" data-id=\"274\" data-full-url=\"http:\/\/serdart.fr\/wp-content\/uploads\/2022\/08\/IMG_3500-scaled.jpg\" data-link=\"http:\/\/serdart.fr\/index.php\/galerie\/img_3500\/\" class=\"wp-image-274\" srcset=\"https:\/\/serdart.fr\/wp-content\/uploads\/2022\/08\/IMG_3500-1024x768.jpg 1024w, https:\/\/serdart.fr\/wp-content\/uploads\/2022\/08\/IMG_3500-300x225.jpg 300w, https:\/\/serdart.fr\/wp-content\/uploads\/2022\/08\/IMG_3500-768x576.jpg 768w, https:\/\/serdart.fr\/wp-content\/uploads\/2022\/08\/IMG_3500-1536x1152.jpg 1536w, https:\/\/serdart.fr\/wp-content\/uploads\/2022\/08\/IMG_3500-2048x1536.jpg 2048w, https:\/\/serdart.fr\/wp-content\/uploads\/2022\/08\/IMG_3500-400x300.jpg 400w\" sizes=\"(max-width: 1024px) 100vw, 1024px\" \/><figcaption class=\"blocks-gallery-item__caption\">Zubra 2<\/figcaption><\/figure><\/li><\/ul><\/figure>\n\n\n\n<figure class=\"wp-block-gallery columns-2 is-cropped wp-block-gallery-3 is-layout-flex wp-block-gallery-is-layout-flex\"><ul class=\"blocks-gallery-grid\"><li class=\"blocks-gallery-item\"><figure><img loading=\"lazy\" decoding=\"async\" width=\"1024\" height=\"768\" src=\"http:\/\/serdart.fr\/wp-content\/uploads\/2022\/08\/IMG_3499-1024x768.jpg\" alt=\"\" data-id=\"275\" data-link=\"http:\/\/serdart.fr\/index.php\/galerie\/img_3499\/\" class=\"wp-image-275\" srcset=\"https:\/\/serdart.fr\/wp-content\/uploads\/2022\/08\/IMG_3499-1024x768.jpg 1024w, https:\/\/serdart.fr\/wp-content\/uploads\/2022\/08\/IMG_3499-300x225.jpg 300w, https:\/\/serdart.fr\/wp-content\/uploads\/2022\/08\/IMG_3499-768x576.jpg 768w, https:\/\/serdart.fr\/wp-content\/uploads\/2022\/08\/IMG_3499-1536x1152.jpg 1536w, https:\/\/serdart.fr\/wp-content\/uploads\/2022\/08\/IMG_3499-2048x1536.jpg 2048w, https:\/\/serdart.fr\/wp-content\/uploads\/2022\/08\/IMG_3499-400x300.jpg 400w\" sizes=\"(max-width: 1024px) 100vw, 1024px\" \/><figcaption class=\"blocks-gallery-item__caption\">Japs 2<\/figcaption><\/figure><\/li><li class=\"blocks-gallery-item\"><figure><img loading=\"lazy\" decoding=\"async\" width=\"1024\" height=\"768\" src=\"http:\/\/serdart.fr\/wp-content\/uploads\/2022\/08\/IMG_3486-1-1024x768.jpg\" alt=\"\" data-id=\"285\" data-full-url=\"http:\/\/serdart.fr\/wp-content\/uploads\/2022\/08\/IMG_3486-1-scaled.jpg\" data-link=\"http:\/\/serdart.fr\/index.php\/galerie\/img_3486-1\/\" class=\"wp-image-285\" srcset=\"https:\/\/serdart.fr\/wp-content\/uploads\/2022\/08\/IMG_3486-1-1024x768.jpg 1024w, https:\/\/serdart.fr\/wp-content\/uploads\/2022\/08\/IMG_3486-1-300x225.jpg 300w, https:\/\/serdart.fr\/wp-content\/uploads\/2022\/08\/IMG_3486-1-768x576.jpg 768w, https:\/\/serdart.fr\/wp-content\/uploads\/2022\/08\/IMG_3486-1-1536x1152.jpg 1536w, https:\/\/serdart.fr\/wp-content\/uploads\/2022\/08\/IMG_3486-1-2048x1536.jpg 2048w, https:\/\/serdart.fr\/wp-content\/uploads\/2022\/08\/IMG_3486-1-400x300.jpg 400w\" sizes=\"(max-width: 1024px) 100vw, 1024px\" \/><figcaption class=\"blocks-gallery-item__caption\">T\u00e9l\u00e9 2<\/figcaption><\/figure><\/li><\/ul><\/figure>\n\n\n\n<figure class=\"wp-block-gallery columns-2 is-cropped wp-block-gallery-4 is-layout-flex wp-block-gallery-is-layout-flex\"><ul class=\"blocks-gallery-grid\"><li class=\"blocks-gallery-item\"><figure><img loading=\"lazy\" decoding=\"async\" width=\"1024\" height=\"768\" src=\"http:\/\/serdart.fr\/wp-content\/uploads\/2022\/08\/IMG_3480-2-1024x768.jpg\" alt=\"\" data-id=\"276\" data-link=\"http:\/\/serdart.fr\/index.php\/galerie\/img_3480-2\/\" class=\"wp-image-276\" srcset=\"https:\/\/serdart.fr\/wp-content\/uploads\/2022\/08\/IMG_3480-2-1024x768.jpg 1024w, https:\/\/serdart.fr\/wp-content\/uploads\/2022\/08\/IMG_3480-2-300x225.jpg 300w, https:\/\/serdart.fr\/wp-content\/uploads\/2022\/08\/IMG_3480-2-768x576.jpg 768w, https:\/\/serdart.fr\/wp-content\/uploads\/2022\/08\/IMG_3480-2-1536x1152.jpg 1536w, https:\/\/serdart.fr\/wp-content\/uploads\/2022\/08\/IMG_3480-2-2048x1536.jpg 2048w, https:\/\/serdart.fr\/wp-content\/uploads\/2022\/08\/IMG_3480-2-400x300.jpg 400w\" sizes=\"(max-width: 1024px) 100vw, 1024px\" \/><figcaption class=\"blocks-gallery-item__caption\">TeeToone 5<\/figcaption><\/figure><\/li><li class=\"blocks-gallery-item\"><figure><img loading=\"lazy\" decoding=\"async\" width=\"1024\" height=\"768\" src=\"http:\/\/serdart.fr\/wp-content\/uploads\/2022\/08\/IMG_3487-1024x768.jpg\" alt=\"\" data-id=\"278\" data-full-url=\"http:\/\/serdart.fr\/wp-content\/uploads\/2022\/08\/IMG_3487-scaled.jpg\" data-link=\"http:\/\/serdart.fr\/index.php\/galerie\/img_3487\/\" class=\"wp-image-278\" srcset=\"https:\/\/serdart.fr\/wp-content\/uploads\/2022\/08\/IMG_3487-1024x768.jpg 1024w, https:\/\/serdart.fr\/wp-content\/uploads\/2022\/08\/IMG_3487-300x225.jpg 300w, https:\/\/serdart.fr\/wp-content\/uploads\/2022\/08\/IMG_3487-768x576.jpg 768w, https:\/\/serdart.fr\/wp-content\/uploads\/2022\/08\/IMG_3487-1536x1152.jpg 1536w, https:\/\/serdart.fr\/wp-content\/uploads\/2022\/08\/IMG_3487-2048x1536.jpg 2048w, https:\/\/serdart.fr\/wp-content\/uploads\/2022\/08\/IMG_3487-400x300.jpg 400w\" sizes=\"(max-width: 1024px) 100vw, 1024px\" \/><figcaption class=\"blocks-gallery-item__caption\">2Net 3<\/figcaption><\/figure><\/li><\/ul><\/figure>\n\n\n\n<figure class=\"wp-block-gallery columns-2 is-cropped wp-block-gallery-5 is-layout-flex wp-block-gallery-is-layout-flex\"><ul class=\"blocks-gallery-grid\"><li class=\"blocks-gallery-item\"><figure><img loading=\"lazy\" decoding=\"async\" width=\"1024\" height=\"768\" src=\"http:\/\/serdart.fr\/wp-content\/uploads\/2022\/08\/IMG_3481-1-1024x768.jpg\" alt=\"\" data-id=\"277\" data-link=\"http:\/\/serdart.fr\/index.php\/galerie\/img_3481-1\/\" class=\"wp-image-277\" srcset=\"https:\/\/serdart.fr\/wp-content\/uploads\/2022\/08\/IMG_3481-1-1024x768.jpg 1024w, https:\/\/serdart.fr\/wp-content\/uploads\/2022\/08\/IMG_3481-1-300x225.jpg 300w, https:\/\/serdart.fr\/wp-content\/uploads\/2022\/08\/IMG_3481-1-768x576.jpg 768w, https:\/\/serdart.fr\/wp-content\/uploads\/2022\/08\/IMG_3481-1-1536x1152.jpg 1536w, https:\/\/serdart.fr\/wp-content\/uploads\/2022\/08\/IMG_3481-1-2048x1536.jpg 2048w, https:\/\/serdart.fr\/wp-content\/uploads\/2022\/08\/IMG_3481-1-400x300.jpg 400w\" sizes=\"(max-width: 1024px) 100vw, 1024px\" \/><figcaption class=\"blocks-gallery-item__caption\">TooNet 5<\/figcaption><\/figure><\/li><li class=\"blocks-gallery-item\"><figure><img loading=\"lazy\" decoding=\"async\" width=\"1024\" height=\"768\" src=\"http:\/\/serdart.fr\/wp-content\/uploads\/2022\/08\/IMG_3502-1024x768.jpg\" alt=\"\" data-id=\"279\" data-full-url=\"http:\/\/serdart.fr\/wp-content\/uploads\/2022\/08\/IMG_3502-scaled.jpg\" data-link=\"http:\/\/serdart.fr\/index.php\/galerie\/img_3502\/\" class=\"wp-image-279\" srcset=\"https:\/\/serdart.fr\/wp-content\/uploads\/2022\/08\/IMG_3502-1024x768.jpg 1024w, https:\/\/serdart.fr\/wp-content\/uploads\/2022\/08\/IMG_3502-300x225.jpg 300w, https:\/\/serdart.fr\/wp-content\/uploads\/2022\/08\/IMG_3502-768x576.jpg 768w, https:\/\/serdart.fr\/wp-content\/uploads\/2022\/08\/IMG_3502-1536x1152.jpg 1536w, https:\/\/serdart.fr\/wp-content\/uploads\/2022\/08\/IMG_3502-2048x1536.jpg 2048w, https:\/\/serdart.fr\/wp-content\/uploads\/2022\/08\/IMG_3502-400x300.jpg 400w\" sizes=\"(max-width: 1024px) 100vw, 1024px\" \/><figcaption class=\"blocks-gallery-item__caption\">TeeToone 3<\/figcaption><\/figure><\/li><\/ul><\/figure>\n\n\n\n<figure class=\"wp-block-gallery columns-3 is-cropped wp-block-gallery-6 is-layout-flex wp-block-gallery-is-layout-flex\"><ul class=\"blocks-gallery-grid\"><li class=\"blocks-gallery-item\"><figure><img loading=\"lazy\" decoding=\"async\" width=\"1024\" height=\"768\" src=\"http:\/\/serdart.fr\/wp-content\/uploads\/2022\/08\/IMG_3497-1-1024x768.jpg\" alt=\"\" data-id=\"281\" data-link=\"http:\/\/serdart.fr\/index.php\/galerie\/img_3497-1\/\" class=\"wp-image-281\" srcset=\"https:\/\/serdart.fr\/wp-content\/uploads\/2022\/08\/IMG_3497-1-1024x768.jpg 1024w, https:\/\/serdart.fr\/wp-content\/uploads\/2022\/08\/IMG_3497-1-300x225.jpg 300w, https:\/\/serdart.fr\/wp-content\/uploads\/2022\/08\/IMG_3497-1-768x576.jpg 768w, https:\/\/serdart.fr\/wp-content\/uploads\/2022\/08\/IMG_3497-1-1536x1152.jpg 1536w, https:\/\/serdart.fr\/wp-content\/uploads\/2022\/08\/IMG_3497-1-2048x1536.jpg 2048w, https:\/\/serdart.fr\/wp-content\/uploads\/2022\/08\/IMG_3497-1-400x300.jpg 400w\" sizes=\"(max-width: 1024px) 100vw, 1024px\" \/><figcaption class=\"blocks-gallery-item__caption\">Screen 5-BigB.<\/figcaption><\/figure><\/li><li class=\"blocks-gallery-item\"><figure><img loading=\"lazy\" decoding=\"async\" width=\"1024\" height=\"768\" src=\"http:\/\/serdart.fr\/wp-content\/uploads\/2022\/08\/IMG_3505-1024x768.jpg\" alt=\"\" data-id=\"282\" data-link=\"http:\/\/serdart.fr\/index.php\/galerie\/img_3505\/\" class=\"wp-image-282\" srcset=\"https:\/\/serdart.fr\/wp-content\/uploads\/2022\/08\/IMG_3505-1024x768.jpg 1024w, https:\/\/serdart.fr\/wp-content\/uploads\/2022\/08\/IMG_3505-300x225.jpg 300w, https:\/\/serdart.fr\/wp-content\/uploads\/2022\/08\/IMG_3505-768x576.jpg 768w, https:\/\/serdart.fr\/wp-content\/uploads\/2022\/08\/IMG_3505-1536x1152.jpg 1536w, https:\/\/serdart.fr\/wp-content\/uploads\/2022\/08\/IMG_3505-2048x1536.jpg 2048w, https:\/\/serdart.fr\/wp-content\/uploads\/2022\/08\/IMG_3505-400x300.jpg 400w\" sizes=\"(max-width: 1024px) 100vw, 1024px\" \/><figcaption class=\"blocks-gallery-item__caption\">Torxs<\/figcaption><\/figure><\/li><li class=\"blocks-gallery-item\"><figure><img loading=\"lazy\" decoding=\"async\" width=\"1024\" height=\"768\" src=\"http:\/\/serdart.fr\/wp-content\/uploads\/2022\/08\/IMG_3483-1-1024x768.jpg\" alt=\"\" data-id=\"283\" data-full-url=\"http:\/\/serdart.fr\/wp-content\/uploads\/2022\/08\/IMG_3483-1-scaled.jpg\" data-link=\"http:\/\/serdart.fr\/index.php\/galerie\/img_3483-1\/\" class=\"wp-image-283\" srcset=\"https:\/\/serdart.fr\/wp-content\/uploads\/2022\/08\/IMG_3483-1-1024x768.jpg 1024w, https:\/\/serdart.fr\/wp-content\/uploads\/2022\/08\/IMG_3483-1-300x225.jpg 300w, https:\/\/serdart.fr\/wp-content\/uploads\/2022\/08\/IMG_3483-1-768x576.jpg 768w, https:\/\/serdart.fr\/wp-content\/uploads\/2022\/08\/IMG_3483-1-1536x1152.jpg 1536w, https:\/\/serdart.fr\/wp-content\/uploads\/2022\/08\/IMG_3483-1-2048x1536.jpg 2048w, https:\/\/serdart.fr\/wp-content\/uploads\/2022\/08\/IMG_3483-1-400x300.jpg 400w\" sizes=\"(max-width: 1024px) 100vw, 1024px\" \/><figcaption class=\"blocks-gallery-item__caption\">Piram 2<\/figcaption><\/figure><\/li><\/ul><\/figure>\n\n\n\n<figure class=\"wp-block-gallery columns-2 is-cropped wp-block-gallery-7 is-layout-flex wp-block-gallery-is-layout-flex\"><ul class=\"blocks-gallery-grid\"><li class=\"blocks-gallery-item\"><figure><img loading=\"lazy\" decoding=\"async\" width=\"768\" height=\"1024\" src=\"http:\/\/serdart.fr\/wp-content\/uploads\/2022\/08\/IMG_3496-768x1024.jpg\" alt=\"\" data-id=\"286\" data-link=\"http:\/\/serdart.fr\/index.php\/galerie\/img_3496\/\" class=\"wp-image-286\" srcset=\"https:\/\/serdart.fr\/wp-content\/uploads\/2022\/08\/IMG_3496-768x1024.jpg 768w, https:\/\/serdart.fr\/wp-content\/uploads\/2022\/08\/IMG_3496-225x300.jpg 225w, https:\/\/serdart.fr\/wp-content\/uploads\/2022\/08\/IMG_3496-1152x1536.jpg 1152w, https:\/\/serdart.fr\/wp-content\/uploads\/2022\/08\/IMG_3496-1536x2048.jpg 1536w, https:\/\/serdart.fr\/wp-content\/uploads\/2022\/08\/IMG_3496-scaled.jpg 1920w\" sizes=\"(max-width: 768px) 100vw, 768px\" \/><figcaption class=\"blocks-gallery-item__caption\">Infinity 2<\/figcaption><\/figure><\/li><li class=\"blocks-gallery-item\"><figure><img loading=\"lazy\" decoding=\"async\" width=\"768\" height=\"1024\" src=\"http:\/\/serdart.fr\/wp-content\/uploads\/2022\/08\/IMG_3492-768x1024.jpg\" alt=\"\" data-id=\"287\" data-full-url=\"http:\/\/serdart.fr\/wp-content\/uploads\/2022\/08\/IMG_3492-scaled.jpg\" data-link=\"http:\/\/serdart.fr\/index.php\/galerie\/img_3492\/\" class=\"wp-image-287\" srcset=\"https:\/\/serdart.fr\/wp-content\/uploads\/2022\/08\/IMG_3492-768x1024.jpg 768w, https:\/\/serdart.fr\/wp-content\/uploads\/2022\/08\/IMG_3492-225x300.jpg 225w, https:\/\/serdart.fr\/wp-content\/uploads\/2022\/08\/IMG_3492-1152x1536.jpg 1152w, https:\/\/serdart.fr\/wp-content\/uploads\/2022\/08\/IMG_3492-1536x2048.jpg 1536w, https:\/\/serdart.fr\/wp-content\/uploads\/2022\/08\/IMG_3492-scaled.jpg 1920w\" sizes=\"(max-width: 768px) 100vw, 768px\" \/><figcaption class=\"blocks-gallery-item__caption\">Phare 2<\/figcaption><\/figure><\/li><\/ul><\/figure>\n\n\n\n<figure class=\"wp-block-gallery columns-2 is-cropped wp-block-gallery-8 is-layout-flex wp-block-gallery-is-layout-flex\"><ul class=\"blocks-gallery-grid\"><li class=\"blocks-gallery-item\"><figure><img loading=\"lazy\" decoding=\"async\" width=\"768\" height=\"1024\" src=\"http:\/\/serdart.fr\/wp-content\/uploads\/2022\/08\/IMG_3506-768x1024.jpg\" alt=\"\" data-id=\"292\" data-link=\"http:\/\/serdart.fr\/index.php\/galerie\/img_3506\/\" class=\"wp-image-292\" srcset=\"https:\/\/serdart.fr\/wp-content\/uploads\/2022\/08\/IMG_3506-768x1024.jpg 768w, https:\/\/serdart.fr\/wp-content\/uploads\/2022\/08\/IMG_3506-225x300.jpg 225w, https:\/\/serdart.fr\/wp-content\/uploads\/2022\/08\/IMG_3506-1152x1536.jpg 1152w, https:\/\/serdart.fr\/wp-content\/uploads\/2022\/08\/IMG_3506-1536x2048.jpg 1536w, https:\/\/serdart.fr\/wp-content\/uploads\/2022\/08\/IMG_3506-scaled.jpg 1920w\" sizes=\"(max-width: 768px) 100vw, 768px\" \/><figcaption class=\"blocks-gallery-item__caption\">Rire Gras<\/figcaption><\/figure><\/li><li class=\"blocks-gallery-item\"><figure><img loading=\"lazy\" decoding=\"async\" width=\"768\" height=\"1024\" src=\"http:\/\/serdart.fr\/wp-content\/uploads\/2022\/08\/IMG_E3494-768x1024.jpg\" alt=\"\" data-id=\"293\" data-full-url=\"http:\/\/serdart.fr\/wp-content\/uploads\/2022\/08\/IMG_E3494-scaled.jpg\" data-link=\"http:\/\/serdart.fr\/index.php\/galerie\/img_e3494\/\" class=\"wp-image-293\" srcset=\"https:\/\/serdart.fr\/wp-content\/uploads\/2022\/08\/IMG_E3494-768x1024.jpg 768w, https:\/\/serdart.fr\/wp-content\/uploads\/2022\/08\/IMG_E3494-225x300.jpg 225w, https:\/\/serdart.fr\/wp-content\/uploads\/2022\/08\/IMG_E3494-1152x1536.jpg 1152w, https:\/\/serdart.fr\/wp-content\/uploads\/2022\/08\/IMG_E3494-1536x2048.jpg 1536w, https:\/\/serdart.fr\/wp-content\/uploads\/2022\/08\/IMG_E3494-scaled.jpg 1920w\" sizes=\"(max-width: 768px) 100vw, 768px\" \/><figcaption class=\"blocks-gallery-item__caption\">Peur Bleue<\/figcaption><\/figure><\/li><\/ul><\/figure>\n\n\n\n<figure class=\"wp-block-gallery columns-2 is-cropped wp-block-gallery-9 is-layout-flex wp-block-gallery-is-layout-flex\"><ul class=\"blocks-gallery-grid\"><li class=\"blocks-gallery-item\"><figure><img loading=\"lazy\" decoding=\"async\" width=\"1024\" height=\"768\" src=\"http:\/\/serdart.fr\/wp-content\/uploads\/2022\/08\/IMG_3484-2-1024x768.jpg\" alt=\"\" data-id=\"297\" data-link=\"http:\/\/serdart.fr\/index.php\/galerie\/img_3484-2\/\" class=\"wp-image-297\" srcset=\"https:\/\/serdart.fr\/wp-content\/uploads\/2022\/08\/IMG_3484-2-1024x768.jpg 1024w, https:\/\/serdart.fr\/wp-content\/uploads\/2022\/08\/IMG_3484-2-300x225.jpg 300w, https:\/\/serdart.fr\/wp-content\/uploads\/2022\/08\/IMG_3484-2-768x576.jpg 768w, https:\/\/serdart.fr\/wp-content\/uploads\/2022\/08\/IMG_3484-2-1536x1152.jpg 1536w, https:\/\/serdart.fr\/wp-content\/uploads\/2022\/08\/IMG_3484-2-2048x1536.jpg 2048w, https:\/\/serdart.fr\/wp-content\/uploads\/2022\/08\/IMG_3484-2-400x300.jpg 400w\" sizes=\"(max-width: 1024px) 100vw, 1024px\" \/><figcaption class=\"blocks-gallery-item__caption\">Pulsar 3<\/figcaption><\/figure><\/li><li class=\"blocks-gallery-item\"><figure><img loading=\"lazy\" decoding=\"async\" width=\"1024\" height=\"768\" src=\"http:\/\/serdart.fr\/wp-content\/uploads\/2022\/08\/IMG_3501-1024x768.jpg\" alt=\"\" data-id=\"298\" data-full-url=\"http:\/\/serdart.fr\/wp-content\/uploads\/2022\/08\/IMG_3501-scaled.jpg\" data-link=\"http:\/\/serdart.fr\/index.php\/galerie\/img_3501\/\" class=\"wp-image-298\" srcset=\"https:\/\/serdart.fr\/wp-content\/uploads\/2022\/08\/IMG_3501-1024x768.jpg 1024w, https:\/\/serdart.fr\/wp-content\/uploads\/2022\/08\/IMG_3501-300x225.jpg 300w, https:\/\/serdart.fr\/wp-content\/uploads\/2022\/08\/IMG_3501-768x576.jpg 768w, https:\/\/serdart.fr\/wp-content\/uploads\/2022\/08\/IMG_3501-1536x1152.jpg 1536w, https:\/\/serdart.fr\/wp-content\/uploads\/2022\/08\/IMG_3501-2048x1536.jpg 2048w, https:\/\/serdart.fr\/wp-content\/uploads\/2022\/08\/IMG_3501-400x300.jpg 400w\" sizes=\"(max-width: 1024px) 100vw, 1024px\" \/><figcaption class=\"blocks-gallery-item__caption\">TeeToone 2<\/figcaption><\/figure><\/li><\/ul><\/figure>\n\n\n\n<p><\/p>\n","protected":false},"excerpt":{"rendered":"<p>S\u00e9rigraphies originales tir\u00e9es \u00e0 la main num\u00e9rot\u00e9es et sign\u00e9es par l&#8217;artiste.<\/p>\n","protected":false},"author":1,"featured_media":0,"parent":0,"menu_order":0,"comment_status":"closed","ping_status":"closed","template":"","meta":{"footnotes":""},"_links":{"self":[{"href":"https:\/\/serdart.fr\/index.php\/wp-json\/wp\/v2\/pages\/259"}],"collection":[{"href":"https:\/\/serdart.fr\/index.php\/wp-json\/wp\/v2\/pages"}],"about":[{"href":"https:\/\/serdart.fr\/index.php\/wp-json\/wp\/v2\/types\/page"}],"author":[{"embeddable":true,"href":"https:\/\/serdart.fr\/index.php\/wp-json\/wp\/v2\/users\/1"}],"replies":[{"embeddable":true,"href":"https:\/\/serdart.fr\/index.php\/wp-json\/wp\/v2\/comments?post=259"}],"version-history":[{"count":17,"href":"https:\/\/serdart.fr\/index.php\/wp-json\/wp\/v2\/pages\/259\/revisions"}],"predecessor-version":[{"id":333,"href":"https:\/\/serdart.fr\/index.php\/wp-json\/wp\/v2\/pages\/259\/revisions\/333"}],"wp:attachment":[{"href":"https:\/\/serdart.fr\/index.php\/wp-json\/wp\/v2\/media?parent=259"}],"curies":[{"name":"wp","href":"https:\/\/api.w.org\/{rel}","templated":true}]}}