{"id":81,"date":"2021-02-19T18:00:36","date_gmt":"2021-02-19T17:00:36","guid":{"rendered":"http:\/\/serdart.fr\/?page_id=81"},"modified":"2021-02-21T16:24:44","modified_gmt":"2021-02-21T15:24:44","slug":"avis-sur-mes-stages","status":"publish","type":"page","link":"https:\/\/serdart.fr\/index.php\/avis-sur-mes-stages\/","title":{"rendered":"Avis sur mes stages"},"content":{"rendered":"\n<h2 class=\"wp-block-heading\"><strong>. <\/strong><span class=\"has-inline-color has-blue-color\"><strong><em>Bien plus qu\u2019une formation en s\u00e9rigraphie<\/em><\/strong> :<\/span><\/h2>\n\n\n\n<h2 class=\"wp-block-heading\"><strong>De : Cathy, avis d\u00e9pos\u00e9 le 28 janvier 2017<\/strong><\/h2>\n\n\n\n<blockquote class=\"wp-block-quote is-layout-flow wp-block-quote-is-layout-flow\"><p><em><strong>\u201cBien plus qu\u2019une formation en s\u00e9rigraphie, on b\u00e9n\u00e9ficie surtout du savoir-faire de Nikolas, avec plus de 20 ans d\u2019exp\u00e9rience dans ce domaine, il a d\u00e9velopp\u00e9 ses PROPRES techniques, des trucs et astuces qu\u2019il a mis au point, ce qui nous permet de gagner du temps et d\u2019exercer la s\u00e9rigraphie de mani\u00e8re optimale et agr\u00e9ablement, sans produits chimiques ou port de masque. L\u2019id\u00e9e de pouvoir fabriquer soi-m\u00eame son atelier de s\u00e9rigraphie avec des mat\u00e9riaux que l\u2019on trouve facilement, sans avoir \u00e0 investir dans des machines hors de prix, est un r\u00e9el plus pour d\u00e9buter. Tout est fait de mani\u00e8re ARTISANALE. Et toujours dans une ambiance conviviale et amicale, car Nikolas est un sacr\u00e9 personnage, une tr\u00e8s belle rencontre! Enorme MERCI \u00e0 toi Niko ;-)\u201d<\/strong><\/em><\/p><\/blockquote>\n\n\n\n<h2 class=\"wp-block-heading\"><span style=\"color:#c51826\" class=\"has-inline-color\">. <em>Plus qu\u2019un cours, c\u2019est un voyage !<\/em> :<\/span><\/h2>\n\n\n\n<h2 class=\"wp-block-heading\">De : No\u00eblie, avis d\u00e9pos\u00e9&nbsp;le 30 juin 2015<\/h2>\n\n\n\n<blockquote class=\"wp-block-quote is-layout-flow wp-block-quote-is-layout-flow\"><p><em><strong>\u201cJ\u2019ai eu l\u2019id\u00e9e d\u2019apprendre la s\u00e9rigraphie artisanale en plein milieu de mon tour du monde. Alors que j\u2019\u00e9tais dans le pacifique, j\u2019ai d\u00e9cid\u00e9 de chercher un stage en France pour mon retour. Et je suis tomb\u00e9e sur le site de Nikolas ! Quelques mois apr\u00e8s, j\u2019\u00e9tais donc de retour, propuls\u00e9e dans ce tr\u00e8s bel atelier situ\u00e9 \u00e0 Montmartre. L\u2019impression de revenir dans le film d\u2019Am\u00e9lie Poulain. Un tr\u00e8s bel atelier typiquement fran\u00e7ais\u2026 Puis, j\u2019ai fait la connaissance de Nikolas, passionn\u00e9 par Marco Polo, comme moi. Les stagiaires pr\u00e9sents venaient d\u2019horizons diff\u00e9rents ! Nikolas nous a tous mis \u00e0 l\u2019aise. Ambiance tr\u00e8s sympa, internationale et surtout tr\u00e8s satisfaisante concernant les cours ! P\u00e9dagogie, humour, partage d\u2019exp\u00e9rience\u2026 Vous ne pourrez pas \u00eatre d\u00e9\u00e7us !\u201d<\/strong><\/em><\/p><\/blockquote>\n\n\n\n<h2 class=\"wp-block-heading\"><strong>. <\/strong><span style=\"color:#117818\" class=\"has-inline-color\"><strong><em>L\u2019art de la s\u00e9rigraphie<\/em><\/strong> :<\/span><\/h2>\n\n\n\n<h2 class=\"wp-block-heading\"><strong>De : Lucie, avis d\u00e9pos\u00e9&nbsp;le 19 juin 2015.<\/strong><\/h2>\n\n\n\n<blockquote class=\"wp-block-quote is-layout-flow wp-block-quote-is-layout-flow\"><p><em><strong>\u201cSuper stage! Nikolas a beaucoup d\u2019exp\u00e9rience et transmet avec passion son savoir-faire. Son enseignement est tr\u00e8s clair et pratique, toutes les cl\u00e9s sont donn\u00e9es pour lancer son activit\u00e9 pro, en suivant. Avec son humour et sa bonne humeur, Nikolas donne le ton; les heures pass\u00e9es dans son atelier sont justes un r\u00e9gal! Je recommande vivement son stage.\u201d<\/strong><\/em><\/p><\/blockquote>\n\n\n\n<h2 class=\"wp-block-heading\"><span style=\"color:#571fa1\" class=\"has-inline-color\"><strong>.<em> Une g\u00e9n\u00e9rosit\u00e9 hors du commun<\/em><\/strong> :<\/span><\/h2>\n\n\n\n<h2 class=\"wp-block-heading\"><strong>De : St\u00e9phanie Olivar, avis d\u00e9pos\u00e9 le 18 Juin 2015.<\/strong><\/h2>\n\n\n\n<blockquote class=\"wp-block-quote is-layout-flow wp-block-quote-is-layout-flow\"><p><em><strong>\u201cNikolas Serdart est non seulement un s\u00e9rigraphe extr\u00eamement talentueux et de plus incroyablement g\u00e9n\u00e9reux dans son enseignement livrant ses secrets! \u201c<\/strong><\/em><\/p><\/blockquote>\n\n\n\n<h2 class=\"wp-block-heading\"><strong>.<\/strong><span style=\"color:#c55b14\" class=\"has-inline-color\"><strong> <em>Naissance d\u2019une passion<\/em><\/strong> :<\/span><\/h2>\n\n\n\n<h2 class=\"wp-block-heading\"><strong>De : J\u00e9r\u00f4me, avis d\u00e9pos\u00e9 le 16 Juin 2015.<\/strong><\/h2>\n\n\n\n<blockquote class=\"wp-block-quote is-layout-flow wp-block-quote-is-layout-flow\"><p><em><strong>\u201cAttir\u00e9 par la technique de la s\u00e9rigraphie, je n\u2019avais jamais vraiment dessin\u00e9 auparavant, j\u2019ai suivi le stage d\u2019initiation de Nikolas. Son enseignement tr\u00e8s clair, sa compl\u00e8te possession de cette technique et sa vaste connaissance d\u2019autres techniques qu\u2019il pratique par ailleurs, aquarelle, dessin, en m\u2019ouvrant \u00e0 la s\u00e9rigraphie, il m\u2019a ouvert au dessin et \u00e0 la peinture. Gr\u00e2ce \u00e0 lui, j\u2019ai pris confiance en moi et j\u2019attends avec impatience d\u2019\u00eatre un peu plus m\u00fbr pour effectuer un stage de perfectionnement \u00e0 la rentr\u00e9e prochaine. Nikolas est le type m\u00eame du professeur accompli. Il ne laisse rien passer, mais vous communique technique et passion sans r\u00e9serve. Son oeil critique est toujours constructif et donne confiance. \u201c<\/strong><\/em><\/p><\/blockquote>\n\n\n\n<h2 class=\"wp-block-heading\"><strong>.<\/strong><span class=\"has-inline-color has-blue-color\"><strong> <em>La serigraphie dans les r\u00e8gles de l\u2019art<\/em><\/strong> :<\/span><\/h2>\n\n\n\n<h2 class=\"wp-block-heading\"><strong>De : Arnaud, avis d\u00e9pos\u00e9 le 16 Juin 2015.<\/strong><\/h2>\n\n\n\n<blockquote class=\"wp-block-quote is-layout-flow wp-block-quote-is-layout-flow\"><p><em><strong>\u201cLe meilleur stage pour se lancer dans la s\u00e9rigraphie. On est mordu d\u00e8s le premier cours. Ambiance familiale en petit comit\u00e9 dans le quartier le plus charmant de Paris. C\u2019est gr\u00e2ce \u00e0 Nikolas et son sens de la motivation que j\u2019expose aujourd\u2019hui mes oeuvres dans quelques galeries. C\u2019est un rapport qualit\u00e9\/prix qui n\u2019a pas de prix justement. Foncez !!\u201d<\/strong><\/em><\/p><\/blockquote>\n\n\n\n<h2 class=\"wp-block-heading\"><strong>. <em><span style=\"color:#7ed42d\" class=\"has-inline-color\">Un apprentissage dans les r\u00e8gles de l\u2019art !<\/span><\/em><\/strong><\/h2>\n\n\n\n<h2 class=\"wp-block-heading\"><strong>De : Corentine.B, avis d\u00e9pos\u00e9 le 2 Juin 2014.<\/strong><\/h2>\n\n\n\n<blockquote class=\"wp-block-quote is-layout-flow wp-block-quote-is-layout-flow\"><p><em><strong>\u201cLes cours de Nikolas Serdar permettent \u00e0 toute personne de pouvoir pratiquer la s\u00e9rigraphie en autonomie \u00e0 l\u2019issue du stage. Des exercices pratiques permettent de valider les diff\u00e9rentes \u00e9tapes du processus, ponctu\u00e9s de r\u00e9f\u00e9rences historiques et d\u2019anecdotes, le tout se d\u00e9roulant dans une ambiance de travail tr\u00e8s sympathique, avec de belles rencontres \u00e0 la clef! Un apprentissage dans les r\u00e8gles de l\u2019art, Merci Ma\u00eetre!\u201d<\/strong><\/em><\/p><\/blockquote>\n\n\n\n<h2 class=\"wp-block-heading\"><strong>. <\/strong><span style=\"color:#dd332a\" class=\"has-inline-color\"><strong><em>Un professeur qui sait transmettre sa passion<\/em><\/strong> :<\/span><\/h2>\n\n\n\n<h2 class=\"wp-block-heading\"><strong>De : Picrobulle, avis d\u00e9pos\u00e9 le 29 avril 2014.<\/strong><\/h2>\n\n\n\n<blockquote class=\"wp-block-quote is-layout-flow wp-block-quote-is-layout-flow\"><p><em><strong>\u201cJ\u2019ai effectu\u00e9 un stage chez Nikolas en mai 2011. C\u2019est un tr\u00e8s bon souvenir. Un professeur qui a de la patience sait \u00eatre p\u00e9dagogue tout cela dans une ambiance d\u00e9tendue. Le personnage est aussi attachant que son savoir, en plus des techniques il vous racontera des anecdotes passionnantes sur la s\u00e9rigraphie. Apr\u00e8s ce stage j\u2019ai pu s\u00e9rigraphier mes illustrations sur divers textiles et ainsi cr\u00e9er ma marque d\u2019accessoires pour la maison, Picrobulle. Le plus, Nikolas est un artiste qui saura vous conseiller judicieusement sur vos propres projets par la suite. Trois ans apr\u00e8s nous sommes encore en contact. Rien \u00e0 dire si ce n\u2019est merci Nikolas. \u201c<\/strong><\/em><\/p><\/blockquote>\n\n\n\n<h2 class=\"wp-block-heading\"><strong>.<span style=\"color:#71ba38\" class=\"has-inline-color\"> <em>Le partage d\u2019un passionn\u00e9 !<\/em><\/span><\/strong><\/h2>\n\n\n\n<h2 class=\"wp-block-heading\"><strong>De : Marie, avis d\u00e9pos\u00e9 le 7 avril 2014.<\/strong><\/h2>\n\n\n\n<blockquote class=\"wp-block-quote is-layout-flow wp-block-quote-is-layout-flow\"><p><em><strong>\u201cRavie d\u2019apprendre la s\u00e9rigraphie artisanale aux c\u00f4t\u00e9s de Nikolas !!! Passionn\u00e9, il sait nous transmettre la technique, la pr\u00e9cision du geste, sa sensibilit\u00e9 sur des projets bien diff\u00e9rents. \u00c9tant infographiste et passionn\u00e9e par les proc\u00e9d\u00e9s d\u2019impression, cela a \u00e9t\u00e9 une r\u00e9v\u00e9lation que de pratiquer et r\u00e9aliser un travail artisanale de qualit\u00e9, sous les conseils et la bonne humeur de Nikolas ! Ambiance chaleureuse ;-)\u201d<\/strong><\/em><\/p><\/blockquote>\n\n\n\n<h2 class=\"wp-block-heading\"><strong>. <\/strong><span style=\"color:#a353e0\" class=\"has-inline-color\"><strong><em>Une belle rencontre<\/em><\/strong> :<\/span><\/h2>\n\n\n\n<h2 class=\"wp-block-heading\"><strong>De : kimberley, avis d\u00e9pos\u00e9 le 30 mars 2014.&nbsp;<\/strong><\/h2>\n\n\n\n<blockquote class=\"wp-block-quote is-layout-flow wp-block-quote-is-layout-flow\"><p><em><strong>\u201cUn professeur atypique qui est un vrai personnage ! Et son atelier de la rue de la Vieuville est un endroit g\u00e9nial\u2026 un exemple d\u2019optimisation de l\u2019espace et d\u2019ergonomie, un beau bordel bien organis\u00e9 Le stage est id\u00e9al pour d\u00e9couvrir l\u2019histoire de la s\u00e9rigraphie (Nikolas n\u2019est jamais \u00e0 cours d\u2019anecdotes \u00e0 ce sujet, et les raconte avec enthousiasme et humour), mais surtout pour apprendre les techniques artisanales pour pr\u00e9parer ses \u00e9crans \u2013 parce qu\u2019il n\u2019y a pas que l\u2019insolation !\u201d<\/strong><\/em><\/p><\/blockquote>\n\n\n\n<h2 class=\"wp-block-heading\"><strong>. <\/strong><span style=\"color:#db0a3e\" class=\"has-inline-color\"><strong><em>Une initiation passionnante et pr\u00e9cise avec Nikolas<\/em><\/strong> :<\/span><\/h2>\n\n\n\n<h2 class=\"wp-block-heading\"><strong>De : Caro.T, avis d\u00e9pos\u00e9 le 19 mars 2014.&nbsp;<\/strong><\/h2>\n\n\n\n<blockquote class=\"wp-block-quote is-layout-flow wp-block-quote-is-layout-flow\"><p><em><strong>\u201cPragmatique, il nous explique ses m\u00e9thodes et tuyaux pour l\u2019am\u00e9nagement \/ organisation d\u2019un atelier de s\u00e9rigraphie \u00e0 la maison. Un petit comit\u00e9 de 5 \u00e9l\u00e8ves et le professeur permettait une ambiance conviviale. Je recommande vivement son cours. \u201c<\/strong><\/em><\/p><\/blockquote>\n\n\n\n<h2 class=\"wp-block-heading\"><strong>. <em><span style=\"color:#4ea300\" class=\"has-inline-color\">Un enseignement de qualit\u00e9 dans une approche conviviale<\/span><\/em><\/strong><\/h2>\n\n\n\n<h2 class=\"wp-block-heading\"><strong>De : Charlotte H, avis d\u00e9pos\u00e9 le 18 mars 2014.<\/strong><\/h2>\n\n\n\n<blockquote class=\"wp-block-quote is-layout-flow wp-block-quote-is-layout-flow\"><p><em><strong>\u201cLe cours de Nikolas a \u00e9t\u00e9 une tr\u00e8s bonne remise \u00e0 l\u2019\u00e9trier (apr\u00e8s 15 ans sans avoir touch\u00e9 la s\u00e9rigraphie). J\u2019ai surtout d\u00e9couvert une approche compl\u00e8tement lib\u00e9r\u00e9e de la pao, beaucoup plus plasticienne avec un travail directement sir le cadre, selon diff\u00e9rentes techniques. Cette approche est beaucoup plus sensible que m\u00e9canique, avec les pr\u00e9cisions techniques n\u00e9cessaires \u00e0 l\u2019aboutissement d\u2019un r\u00e9sultat de qualit\u00e9. Je recommande ce stage, parenth\u00e8se fort agr\u00e9able et instructif.\u201d<\/strong><\/em><\/p><\/blockquote>\n\n\n\n<h2 class=\"wp-block-heading\"><strong>.<\/strong><span class=\"has-inline-color has-blue-color\"><strong><em> La th\u00e9orie, la pratique, et plein d\u2019astuces<\/em><\/strong> :<\/span><\/h2>\n\n\n\n<h2 class=\"wp-block-heading\"><strong>De : Nico, avis d\u00e9pos\u00e9 le 17 mars 2014.<\/strong><\/h2>\n\n\n\n<blockquote class=\"wp-block-quote is-layout-flow wp-block-quote-is-layout-flow\"><p><em><strong>\u201cJ\u2019ai particip\u00e9 au stage de Nikolas fin 2011, avec 4 co-participants. Ambiance chaleureuse, un peu d\u2019histoire de la s\u00e9rigraphie, les bases th\u00e9oriques, beaucoup de pratique pour ma\u00eetriser diverses techniques, de tr\u00e8s bonnes id\u00e9es d\u2019organisation, et plein de trucs pratiques : vivement recommand\u00e9!\u201d<\/strong><\/em><\/p><\/blockquote>\n\n\n\n<h2 class=\"wp-block-heading\"><strong>. <\/strong><span style=\"color:#ec7424\" class=\"has-inline-color\"><strong><em>Stage de S\u00e9rigraphie Artisanale<\/em><\/strong> :<\/span><\/h2>\n\n\n\n<h2 class=\"wp-block-heading\"><strong>De : Fatou.S, avis d\u00e9pos\u00e9 le 15 mars 2014.&nbsp;<\/strong><\/h2>\n\n\n\n<blockquote class=\"wp-block-quote is-layout-flow wp-block-quote-is-layout-flow\"><p><em><strong>\u201cSur l\u2019\u00eele croate de Kor\u00e7ula, une semaine d\u2019apprentissage ensoleill\u00e9e. Une fa\u00e7on agr\u00e9able et tr\u00e8s originale pour apprendre la s\u00e9rigraphie. A bord du Marco Polo, le capitaine, Nikolas Serdar nous emm\u00e8ne autour de l\u2019\u00eele dans des criques splendides. Il partage avec nous sa passion, ses connaissances, son exp\u00e9rience et ses astuces. On repart avec de bonnes bases pour pratiquer cet art en loisir de fa\u00e7on autonome. Pour une formation plus professionnelle il est int\u00e9ressant de continuer les cours \u00e0 l\u2019atelier de Montmartre. \u201c<\/strong><\/em><\/p><\/blockquote>\n\n\n\n<h2 class=\"wp-block-heading\"><strong><span style=\"color:#5c00a3\" class=\"has-inline-color\">. <em>Un stage inoubliable !<\/em><\/span><\/strong><\/h2>\n\n\n\n<h2 class=\"wp-block-heading\"><strong>De : Patsy, avis d\u00e9pos\u00e9 le 8 mars 2014.&nbsp;<\/strong><\/h2>\n\n\n\n<blockquote class=\"wp-block-quote is-layout-flow wp-block-quote-is-layout-flow\"><p><em><strong>\u201cC\u2019est en Croatie sur le bateau de Nikolas que j\u2019ai d\u00e9couvert et appris les bases de la s\u00e9rigraphie artisanale. Dans un cadre magnifique, sur son atelier flottant, Nikolas nous transmet les secrets et les astuces de sa pratique acquise au fil des ann\u00e9es. Et quelle f\u00eate de se plonger du bateau dans l\u2019eau transparente de l\u2019Adriatique apr\u00e8s chaque matin\u00e9e de cours ! Ce stage a \u00e9t\u00e9 tr\u00e8s stimulant car je suis repartie avec plein d\u2019id\u00e9es de projets dans la t\u00eate. N\u2019habitant pas \u00e0 Paris, je regrette de ne pas pouvoir suivre un stage de perfectionnement dans l\u2019atelier de Montmartre, pour l\u2019instant !\u201d<\/strong><\/em><\/p><\/blockquote>\n\n\n\n<h2 class=\"wp-block-heading\"><strong>.<\/strong><span style=\"color:#00a38b\" class=\"has-inline-color\"><strong> <em>Pour tout savoir sur la s\u00e9rigraphie artisanale<\/em><\/strong> :<\/span><\/h2>\n\n\n\n<h2 class=\"wp-block-heading\"><strong>De : Emmanuelle I., avis d\u00e9pos\u00e9 le 3 mars 2014.<\/strong><\/h2>\n\n\n\n<blockquote class=\"wp-block-quote is-layout-flow wp-block-quote-is-layout-flow\"><p><em><strong>\u201cCe stage a \u00e9t\u00e9 tr\u00e8s instructif et r\u00e9jouissant ! On y apprend toutes les techniques de la s\u00e9rigraphie artisanale. On d\u00e9couvre tous les petits trucs que Nicolas nous transmets avec passion et enthousiasme et qui font vraiment toute la diff\u00e9rence. Nicolas prend le temps de poser une attention particuli\u00e8re sur chaque \u00e9l\u00e8ve. Tr\u00e8s bons moments de formation pass\u00e9s avec des gens passionn\u00e9s et passionnants. \u201c<\/strong><\/em><\/p><\/blockquote>\n\n\n\n<h2 class=\"wp-block-heading\"><strong>. <\/strong><span style=\"color:#a38900\" class=\"has-inline-color\"><strong><em>J\u2019ai tout appris gr\u00e2ce au cours de Nikolas<\/em><\/strong> :<\/span><\/h2>\n\n\n\n<h2 class=\"wp-block-heading\"><strong>De : Marjorie, avis d\u00e9pos\u00e9 le 3 mars 2014.<\/strong><\/h2>\n\n\n\n<blockquote class=\"wp-block-quote is-layout-flow wp-block-quote-is-layout-flow\"><p><em><strong>\u201cLe stage de Nikolas me permet aujourd\u2019hui d\u2019exposer r\u00e9guli\u00e8rement mes s\u00e9rigraphies sur toile et sur textile. J\u2019ai acquis une technique, un savoir faire dans une ambiance chaleureuse et d\u00e9tendue. Tout cela dans un petit atelier charmant au coeur des Abbesses. Merci Nikolas!\u201d<\/strong><\/em><\/p><\/blockquote>\n\n\n\n<h2 class=\"wp-block-heading\"><strong>. <em><span style=\"color:#d00a11\" class=\"has-inline-color\">Nicolas est au top!<\/span><\/em><\/strong><\/h2>\n\n\n\n<h2 class=\"wp-block-heading\"><strong>De : Fab Moze, avis d\u00e9pos\u00e9 le 26 f\u00e9vrier 2014.<\/strong><\/h2>\n\n\n\n<blockquote class=\"wp-block-quote is-layout-flow wp-block-quote-is-layout-flow\"><p><em><strong>\u201cCompl\u00e8tement d\u00e9contract\u00e9. Les cours sont faits en petit comit\u00e9. Nikolas en plus d\u2019\u00eatre un professeur talentueux, a toujours le mot pour rire ou une histoire int\u00e9ressante \u00e0 raconter. Il est super arrangeant et toujours pr\u00eat \u00e0 vous conseiller m\u00eame apr\u00e8s la formation! Tr\u00e8s bon souvenir!!!\u201d<\/strong><\/em><\/p><\/blockquote>\n\n\n\n<h2 class=\"wp-block-heading\"><strong><span style=\"color:#a38000\" class=\"has-inline-color\">. <em>Un stage d\u2019excellence !<\/em><\/span><\/strong><\/h2>\n\n\n\n<h2 class=\"wp-block-heading\"><strong>De : Dominique R, avis d\u00e9pos\u00e9 le 25 f\u00e9vrier 2014.<\/strong><\/h2>\n\n\n\n<blockquote class=\"wp-block-quote is-layout-flow wp-block-quote-is-layout-flow\"><p><em><strong>\u201cSi vous arrivez comme moi en ne connaissant rien des techniques de s\u00e9rigraphie, alors vous repartirez riche d\u2019un savoir et d\u2019une pratique qui vous permettra r\u00e9ellement de r\u00e9aliser par vous-m\u00eame vos impressions, sur papier ou sur tissus. Le stage se d\u00e9roule dans une excellente ambiance, avec peu d\u2019\u00e9l\u00e8ves, ce qui permet \u00e0 Nikolas de suivre de tr\u00e8s pr\u00eat votre travail et d\u2019intervenir \u00e0 tout moment pour vous corriger, vous conseiller, comme dans un cour priv\u00e9 ! Avec humour, passion et grande comp\u00e9tence, ils vous apprend toutes les ficelles du m\u00e9tier : travail des pigments, r\u00e9alisation des cadres, diff\u00e9rentes techniques de dessins pr\u00e9paratoires, passage de la couleur, nettoyage, etc\u2026 et plein d\u2019astuces et petits trucs tr\u00e8s utiles que lui seul, de par sa longue exp\u00e9rience, conna\u00eet ! Bref un excellent stage qui vous rendra totalement autonome dans vos r\u00e9alisations !\u201d<\/strong><\/em><\/p><\/blockquote>\n\n\n\n<h2 class=\"wp-block-heading\"><strong>. <\/strong><span style=\"color:#22a300\" class=\"has-inline-color\"><strong><em>Un professeur passionnant et plein de bon tuyaux<\/em><\/strong> :<\/span><\/h2>\n\n\n\n<h2 class=\"wp-block-heading\"><strong>De : Mr Deka, avis d\u00e9pos\u00e9 le 25 f\u00e9vrier 2014.&nbsp;<\/strong><\/h2>\n\n\n\n<blockquote class=\"wp-block-quote is-layout-flow wp-block-quote-is-layout-flow\"><p><em><strong>\u201cEnfin quelqu\u2019un qui ose aller au bout des choses, qui m\u2019a transmis sa passion, le tout dans une ambiance d\u00e9tendue. Toutes les techniques de la s\u00e9rigraphie artisanale n\u2019ont plus de secret pour moi. Quand on veut on peut. Avec un tournevis et un peu d\u2019imagination, plus aucune contrainte technique\u2026 N\u2019h\u00e9sitez pas \u00e0 rencontrer ce \u201cgeotrouvetout\u201d de la s\u00e9rigraphie (il a toujours un brevet pour ca), un bon caf\u00e9 et une bonne discussion vous y attendra toujours. Voici une production que j\u2019ai r\u00e9alis\u00e9 avec lui: <a rel=\"noreferrer noopener\" href=\"http:\/\/www.behance.net\/gallery\/FORTERESSE-SERIGRAPHIE\/14613097\" target=\"_blank\">http:\/\/www.behance.net\/gallery\/FORTERESSE-SERIGRAPHIE\/14613097<\/a>&nbsp; &nbsp; Mr Deka \u201c<\/strong><\/em><\/p><\/blockquote>\n\n\n\n<h2 class=\"wp-block-heading\"><span style=\"color:#7f00a3\" class=\"has-inline-color\"><strong>. <em>Unique et incontournable<\/em><\/strong> :<\/span><\/h2>\n\n\n\n<h2 class=\"wp-block-heading\"><strong>De : Fran\u00e7oise S., avis d\u00e9pos\u00e9 le 25 f\u00e9vrier 2014.<\/strong><\/h2>\n\n\n\n<blockquote class=\"wp-block-quote is-layout-flow wp-block-quote-is-layout-flow\"><p><em><strong>\u201cPour qui veut s\u2019initier \u00e0 la s\u00e9rigraphie artisanale et se perfectionner, Nikolas Serdart est une mine de savoir-faire et de comp\u00e9tences. Son style, sa convivialit\u00e9 et son humour ajouteront au pr\u00e9cieux apprentissage qu\u2019il transmet. En tr\u00e8s petit nombre d\u2019\u00e9l\u00e8ves, ce sont presque des cours particuliers qui permettent d\u2019acqu\u00e9rir rapidement les bons gestes. L\u2019environnement du quartier et le charme color\u00e9 de son atelier sont des plus qui rendent encore plus attractives les formations.\u201d<\/strong><\/em><\/p><\/blockquote>\n\n\n\n<h2 class=\"wp-block-heading\"><span style=\"color:#a30d00\" class=\"has-inline-color\"><strong>. <em>Un tr\u00e8s bon d\u00e9part<\/em><\/strong> :<\/span><\/h2>\n\n\n\n<h2 class=\"wp-block-heading\"><strong>De : Antoine, avis d\u00e9pos\u00e9 le 25 f\u00e9vrier 2014.<\/strong><\/h2>\n\n\n\n<blockquote class=\"wp-block-quote is-layout-flow wp-block-quote-is-layout-flow\"><p><em><strong>\u201cComme le dit mon titre je ne connaissais que tr\u00e8s peu la s\u00e9rigraphie avant d\u2019int\u00e9grer ce cours et il m\u2019a permis de tr\u00e8s bien commencer notamment de retenir que quelles que soient les techniques, la s\u00e9rigraphie artisanale reste relativement laborieuse et qui n\u00e9c\u00e9ssite souvent d\u2019innover sa propre technique sur le tas cela dit Nikolas donne de tr\u00e8s bon conseil pour r\u00e9aliser des \u0153uvres de mani\u00e8re autonome et je suis loin de m\u2019en lasser !\u201d<\/strong><\/em><\/p><\/blockquote>\n\n\n\n<h2 class=\"wp-block-heading\"><strong>. <\/strong><span style=\"color:#1b3ece\" class=\"has-inline-color\"><strong><em>Un stage qualitatif et humain<\/em><\/strong> :<\/span><\/h2>\n\n\n\n<h2 class=\"wp-block-heading\"><strong>De : Baptiste, avis d\u00e9pos\u00e9 le 25 f\u00e9vrier 2014.<\/strong><\/h2>\n\n\n\n<blockquote class=\"wp-block-quote is-layout-flow wp-block-quote-is-layout-flow\"><p><em><strong>\u201c\u00c0 ce stage de 32 heures, j\u2019ai acquis les connaissances et la pratique que je recherchais et qui me permettent de faire des s\u00e9rigraphies sans limites dans la qualit\u00e9 et l\u2019autonomie. Quant \u00e0 Nikolas, \u201cartiste-inventeur\u201d, il nous apprend des techniques qu\u2019il a souvent invent\u00e9s et nous fait voyager dans l\u2019histoire, l\u2019art, la chimie\u2026 Ce stage sera parfait pour les personnes qui souhaitent apprendre la s\u00e9rigraphie dans un but personnel et professionnel.\u201d<\/strong><\/em><\/p><\/blockquote>\n\n\n\n<h2 class=\"wp-block-heading\"><strong>. <\/strong><span style=\"color:#c05710\" class=\"has-inline-color\"><strong><em>Un professeur qui s\u2019y connait<\/em><\/strong> :<\/span><\/h2>\n\n\n\n<h2 class=\"wp-block-heading\">De : Mathieu M, avis d\u00e9pos\u00e9 le 25 f\u00e9vrier 2014.<\/h2>\n\n\n\n<blockquote class=\"wp-block-quote is-layout-flow wp-block-quote-is-layout-flow\"><p><em><strong>\u201cTr\u00e8s bon stage o\u00f9 j\u2019ai pu apprendre les bases de la s\u00e9rigraphie. Un professeur toujours \u00e0 l\u2019\u00e9coute de ses \u00e9l\u00e8ves. C\u2019est tr\u00e8s enrichissant de faire ce stage en plein Paris, aujourd\u2019hui encore je continue la s\u00e9rigraphie de mon c\u00f4t\u00e9.\u201d<\/strong><\/em><\/p><\/blockquote>\n\n\n\n<h2 class=\"wp-block-heading\"><strong>.<\/strong><span style=\"color:#efeb27\" class=\"has-inline-color\"><strong><em> Un excellent p\u00e9dagogue<\/em><\/strong> :<\/span><\/h2>\n\n\n\n<h2 class=\"wp-block-heading\"><strong>De : IsaDlt, avis d\u00e9pos\u00e9 le 25 f\u00e9vrier 2014.<\/strong><\/h2>\n\n\n\n<blockquote class=\"wp-block-quote is-layout-flow wp-block-quote-is-layout-flow\"><p><em><strong>\u201cPur bonheur. Le lieu, inspirant. Le professeur : extr\u00eamement p\u00e9dagogue, toujours calme, donnant d\u2019excellentes habitudes de travail qui vous rendent autonome et toujours pr\u00eat \u00e0 r\u00e9pondre et donner des conseils apr\u00e8s. Vu le nombre d\u2019anciens \u00e9l\u00e8ves qui passent dire bonjour, montrer leur travail, demander un conseil, du mat\u00e9riel, je pense que je ne suis pas la seule \u00e0 avoir autant appr\u00e9ci\u00e9 le stage\u2026 \u201c<\/strong><\/em><\/p><\/blockquote>\n\n\n\n<h2 class=\"wp-block-heading\"><strong>.<\/strong><span style=\"color:#14d52a\" class=\"has-inline-color\"><strong><em> Technique et convivialit\u00e9<\/em><\/strong> :<\/span><\/h2>\n\n\n\n<h2 class=\"wp-block-heading\"><strong>De : Diams, avis d\u00e9pos\u00e9 le 25 f\u00e9vrier 2014.<\/strong><\/h2>\n\n\n\n<blockquote class=\"wp-block-quote is-layout-flow wp-block-quote-is-layout-flow\"><p><em><strong>\u201cApprentissage de la S\u00e9rigraphie traditionelle en tout petit nombre donc tr\u00e9s convivial et efficace. Humour et apprentissage au programme. Quartier mythique.\u201d<\/strong><\/em><\/p><\/blockquote>\n\n\n\n<p><\/p>\n","protected":false},"excerpt":{"rendered":"<p>. Bien plus qu\u2019une formation en s\u00e9rigraphie : De : Cathy, avis d\u00e9pos\u00e9 le 28 janvier 2017 \u201cBien plus qu\u2019une formation en s\u00e9rigraphie, on b\u00e9n\u00e9ficie surtout du savoir-faire de Nikolas, avec plus de 20 ans d\u2019exp\u00e9rience dans ce domaine, il &hellip; <a href=\"https:\/\/serdart.fr\/index.php\/avis-sur-mes-stages\/\">Continue reading <span class=\"meta-nav\">&rarr;<\/span><\/a><\/p>\n","protected":false},"author":1,"featured_media":0,"parent":0,"menu_order":0,"comment_status":"closed","ping_status":"closed","template":"","meta":{"footnotes":""},"_links":{"self":[{"href":"https:\/\/serdart.fr\/index.php\/wp-json\/wp\/v2\/pages\/81"}],"collection":[{"href":"https:\/\/serdart.fr\/index.php\/wp-json\/wp\/v2\/pages"}],"about":[{"href":"https:\/\/serdart.fr\/index.php\/wp-json\/wp\/v2\/types\/page"}],"author":[{"embeddable":true,"href":"https:\/\/serdart.fr\/index.php\/wp-json\/wp\/v2\/users\/1"}],"replies":[{"embeddable":true,"href":"https:\/\/serdart.fr\/index.php\/wp-json\/wp\/v2\/comments?post=81"}],"version-history":[{"count":5,"href":"https:\/\/serdart.fr\/index.php\/wp-json\/wp\/v2\/pages\/81\/revisions"}],"predecessor-version":[{"id":88,"href":"https:\/\/serdart.fr\/index.php\/wp-json\/wp\/v2\/pages\/81\/revisions\/88"}],"wp:attachment":[{"href":"https:\/\/serdart.fr\/index.php\/wp-json\/wp\/v2\/media?parent=81"}],"curies":[{"name":"wp","href":"https:\/\/api.w.org\/{rel}","templated":true}]}}